{"id":546,"date":"2024-12-27T16:26:42","date_gmt":"2024-12-27T15:26:42","guid":{"rendered":"https:\/\/monpoisson.fr\/?post_type=product&#038;p=546"},"modified":"2025-02-10T16:06:43","modified_gmt":"2025-02-10T15:06:43","slug":"rillettes-aux-deux-saumons","status":"publish","type":"product","link":"https:\/\/monpoisson.fr\/index.php\/produit\/rillettes-aux-deux-saumons\/","title":{"rendered":"Rillettes aux Deux Saumons &#8211; Les 100 g"},"content":{"rendered":"\t\t<div data-elementor-type=\"wp-post\" data-elementor-id=\"546\" class=\"elementor elementor-546\">\n\t\t\t\t<div class=\"elementor-element elementor-element-5c208736 e-flex e-con-boxed e-con e-parent\" data-id=\"5c208736\" data-element_type=\"container\" data-e-type=\"container\">\n\t\t\t\t\t<div class=\"e-con-inner\">\n\t\t\t\t<div class=\"elementor-element elementor-element-7a1fb4f9 elementor-widget elementor-widget-text-editor\" data-id=\"7a1fb4f9\" data-element_type=\"widget\" data-e-type=\"widget\" data-widget_type=\"text-editor.default\">\n\t\t\t\t\t\t\t\t\t<h3><strong>Rillettes aux Deux Saumons &#8211; 4,20 \u20ac les 100 g\u00a0<\/strong><\/h3><div><strong>\u00a0<\/strong><\/div><h3><span style=\"color: #000000; font-size: 19px; text-align: var(--text-align);\">Laissez-vous s\u00e9duire par nos Rillettes aux Deux Saumons, une alliance parfaite entre le saumon frais et le saumon fum\u00e9, m\u00eal\u00e9s dans une texture fondante et relev\u00e9s d\u2019une pointe de fra\u00eecheur. Une recette raffin\u00e9e qui fera sensation sur vos toasts ou \u00e0 l\u2019ap\u00e9ritif.<\/span><\/h3><div><span style=\"color: #000000; font-size: 19px; text-align: var(--text-align);\">\u00a0<\/span><\/div><h3><u style=\"color: #000000; text-align: var(--text-align); font-size: 18px; letter-spacing: 0.2px;\">Ingr\u00e9dients<\/u><span style=\"color: #000000; text-align: var(--text-align); font-size: 18px; letter-spacing: 0.2px;\"> : <strong>Cr\u00e8me,\u00a0Saumon, Saumon fum\u00e9<\/strong>, Sel, Jus de citron, Piment d&rsquo;Espelette, Aneth, Agar-agar<\/span><\/h3><div><span style=\"color: #000000; text-align: var(--text-align); font-size: 18px; letter-spacing: 0.2px;\">\u00a0<\/span><\/div><h3 style=\"font-size: 18px; line-height: 29px; color: #000000; letter-spacing: 0.2px;\" data-elementor-setting-key=\"title\" data-pen-placeholder=\"\u00c9crivez ici...\"><u>Allerg\u00e8nes<\/u> : <span style=\"font-weight: bold;\">Lait, Soja, Poisson<\/span><\/h3><div><span style=\"font-weight: bold;\">\u00a0<\/span><\/div><div><u>Portion<\/u> : 100 g<\/div><div>\u00a0<\/div>\t\t\t\t\t\t\t\t<\/div>\n\t\t\t\t\t<\/div>\n\t\t\t\t<\/div>\n\t\t\t\t<\/div>\n\t\t","protected":false},"excerpt":{"rendered":"<p>Laissez-vous s\u00e9duire par nos Rillettes aux Deux Saumons, une alliance parfaite entre le saumon frais et le saumon fum\u00e9, m\u00eal\u00e9s dans une texture fondante et relev\u00e9s d\u2019une pointe de fra\u00eecheur.<\/p>\n","protected":false},"featured_media":747,"template":"","meta":{"_uag_custom_page_level_css":"","site-sidebar-layout":"default","site-content-layout":"","ast-site-content-layout":"default","site-content-style":"default","site-sidebar-style":"default","ast-global-header-display":"","ast-banner-title-visibility":"","ast-main-header-display":"","ast-hfb-above-header-display":"","ast-hfb-below-header-display":"","ast-hfb-mobile-header-display":"","site-post-title":"","ast-breadcrumbs-content":"","ast-featured-img":"","footer-sml-layout":"","ast-disable-related-posts":"","theme-transparent-header-meta":"","adv-header-id-meta":"","stick-header-meta":"","header-above-stick-meta":"","header-main-stick-meta":"","header-below-stick-meta":"","astra-migrate-meta-layouts":"default","ast-page-background-enabled":"default","ast-page-background-meta":{"desktop":{"background-color":"var(--ast-global-color-4)","background-image":"","background-repeat":"repeat","background-position":"center center","background-size":"auto","background-attachment":"scroll","background-type":"","background-media":"","overlay-type":"","overlay-color":"","overlay-opacity":"","overlay-gradient":""},"tablet":{"background-color":"","background-image":"","background-repeat":"repeat","background-position":"center center","background-size":"auto","background-attachment":"scroll","background-type":"","background-media":"","overlay-type":"","overlay-color":"","overlay-opacity":"","overlay-gradient":""},"mobile":{"background-color":"","background-image":"","background-repeat":"repeat","background-position":"center center","background-size":"auto","background-attachment":"scroll","background-type":"","background-media":"","overlay-type":"","overlay-color":"","overlay-opacity":"","overlay-gradient":""}},"ast-content-background-meta":{"desktop":{"background-color":"var(--ast-global-color-5)","background-image":"","background-repeat":"repeat","background-position":"center center","background-size":"auto","background-attachment":"scroll","background-type":"","background-media":"","overlay-type":"","overlay-color":"","overlay-opacity":"","overlay-gradient":""},"tablet":{"background-color":"var(--ast-global-color-5)","background-image":"","background-repeat":"repeat","background-position":"center center","background-size":"auto","background-attachment":"scroll","background-type":"","background-media":"","overlay-type":"","overlay-color":"","overlay-opacity":"","overlay-gradient":""},"mobile":{"background-color":"var(--ast-global-color-5)","background-image":"","background-repeat":"repeat","background-position":"center center","background-size":"auto","background-attachment":"scroll","background-type":"","background-media":"","overlay-type":"","overlay-color":"","overlay-opacity":"","overlay-gradient":""}}},"product_brand":[],"product_cat":[18],"product_tag":[],"class_list":{"0":"post-546","1":"product","2":"type-product","3":"status-publish","4":"has-post-thumbnail","6":"product_cat-traiteur","7":"desktop-align-left","8":"tablet-align-left","9":"mobile-align-left","11":"first","12":"instock","13":"shipping-taxable","14":"purchasable","15":"product-type-simple"},"yoast_head":"<!-- This site is optimized with the Yoast SEO plugin v27.5 - https:\/\/yoast.com\/product\/yoast-seo-wordpress\/ -->\n<title>Rillettes aux Deux Saumons<\/title>\n<meta name=\"description\" content=\"Laissez-vous s\u00e9duire par nos Rillettes aux Deux Saumons, une alliance parfaite entre le saumon frais et le saumon fum\u00e9, m\u00eal\u00e9s dans une texture fondante.\" \/>\n<meta name=\"robots\" content=\"index, follow, max-snippet:-1, max-image-preview:large, max-video-preview:-1\" \/>\n<link rel=\"canonical\" href=\"https:\/\/monpoisson.fr\/index.php\/produit\/rillettes-aux-deux-saumons\/\" \/>\n<meta property=\"og:locale\" content=\"fr_FR\" \/>\n<meta property=\"og:type\" content=\"article\" \/>\n<meta property=\"og:title\" content=\"Rillettes aux Deux Saumons\" \/>\n<meta property=\"og:description\" content=\"Laissez-vous s\u00e9duire par nos Rillettes aux Deux Saumons, une alliance parfaite entre le saumon frais et le saumon fum\u00e9, m\u00eal\u00e9s dans une texture fondante.\" \/>\n<meta property=\"og:url\" content=\"https:\/\/monpoisson.fr\/index.php\/produit\/rillettes-aux-deux-saumons\/\" \/>\n<meta property=\"og:site_name\" content=\"Mon Poisson\" \/>\n<meta property=\"article:publisher\" content=\"https:\/\/www.facebook.com\/pecheriescotinierecotiniere?locale=fr_FR\" \/>\n<meta property=\"article:modified_time\" content=\"2025-02-10T15:06:43+00:00\" \/>\n<meta property=\"og:image\" content=\"https:\/\/monpoisson.fr\/wp-content\/uploads\/2024\/12\/IMG_2843.jpg\" \/>\n\t<meta property=\"og:image:width\" content=\"1\" \/>\n\t<meta property=\"og:image:height\" content=\"1\" \/>\n\t<meta property=\"og:image:type\" content=\"image\/jpeg\" \/>\n<meta name=\"twitter:card\" content=\"summary_large_image\" \/>\n<meta name=\"twitter:label1\" content=\"Dur\u00e9e de lecture estim\u00e9e\" \/>\n\t<meta name=\"twitter:data1\" content=\"1 minute\" \/>\n<script type=\"application\/ld+json\" class=\"yoast-schema-graph\">{\"@context\":\"https:\\\/\\\/schema.org\",\"@graph\":[{\"@type\":\"WebPage\",\"@id\":\"https:\\\/\\\/monpoisson.fr\\\/index.php\\\/produit\\\/rillettes-aux-deux-saumons\\\/\",\"url\":\"https:\\\/\\\/monpoisson.fr\\\/index.php\\\/produit\\\/rillettes-aux-deux-saumons\\\/\",\"name\":\"Rillettes aux Deux Saumons\",\"isPartOf\":{\"@id\":\"https:\\\/\\\/monpoisson.fr\\\/#website\"},\"primaryImageOfPage\":{\"@id\":\"https:\\\/\\\/monpoisson.fr\\\/index.php\\\/produit\\\/rillettes-aux-deux-saumons\\\/#primaryimage\"},\"image\":{\"@id\":\"https:\\\/\\\/monpoisson.fr\\\/index.php\\\/produit\\\/rillettes-aux-deux-saumons\\\/#primaryimage\"},\"thumbnailUrl\":\"https:\\\/\\\/monpoisson.fr\\\/wp-content\\\/uploads\\\/2024\\\/12\\\/IMG_2843.jpg\",\"datePublished\":\"2024-12-27T15:26:42+00:00\",\"dateModified\":\"2025-02-10T15:06:43+00:00\",\"description\":\"Laissez-vous s\u00e9duire par nos Rillettes aux Deux Saumons, une alliance parfaite entre le saumon frais et le saumon fum\u00e9, m\u00eal\u00e9s dans une texture fondante.\",\"breadcrumb\":{\"@id\":\"https:\\\/\\\/monpoisson.fr\\\/index.php\\\/produit\\\/rillettes-aux-deux-saumons\\\/#breadcrumb\"},\"inLanguage\":\"fr-FR\",\"potentialAction\":[{\"@type\":\"ReadAction\",\"target\":[\"https:\\\/\\\/monpoisson.fr\\\/index.php\\\/produit\\\/rillettes-aux-deux-saumons\\\/\"]}]},{\"@type\":\"ImageObject\",\"inLanguage\":\"fr-FR\",\"@id\":\"https:\\\/\\\/monpoisson.fr\\\/index.php\\\/produit\\\/rillettes-aux-deux-saumons\\\/#primaryimage\",\"url\":\"https:\\\/\\\/monpoisson.fr\\\/wp-content\\\/uploads\\\/2024\\\/12\\\/IMG_2843.jpg\",\"contentUrl\":\"https:\\\/\\\/monpoisson.fr\\\/wp-content\\\/uploads\\\/2024\\\/12\\\/IMG_2843.jpg\",\"caption\":\"Rillettes aux Deux Saumons\"},{\"@type\":\"BreadcrumbList\",\"@id\":\"https:\\\/\\\/monpoisson.fr\\\/index.php\\\/produit\\\/rillettes-aux-deux-saumons\\\/#breadcrumb\",\"itemListElement\":[{\"@type\":\"ListItem\",\"position\":1,\"name\":\"Accueil\",\"item\":\"https:\\\/\\\/monpoisson.fr\\\/\"},{\"@type\":\"ListItem\",\"position\":2,\"name\":\"Boutique\",\"item\":\"https:\\\/\\\/monpoisson.fr\\\/index.php\\\/boutique\\\/\"},{\"@type\":\"ListItem\",\"position\":3,\"name\":\"Rillettes aux Deux Saumons &#8211; Les 100 g\"}]},{\"@type\":\"WebSite\",\"@id\":\"https:\\\/\\\/monpoisson.fr\\\/#website\",\"url\":\"https:\\\/\\\/monpoisson.fr\\\/\",\"name\":\"Mon Poisson\",\"description\":\"\",\"publisher\":{\"@id\":\"https:\\\/\\\/monpoisson.fr\\\/#organization\"},\"potentialAction\":[{\"@type\":\"SearchAction\",\"target\":{\"@type\":\"EntryPoint\",\"urlTemplate\":\"https:\\\/\\\/monpoisson.fr\\\/?s={search_term_string}\"},\"query-input\":{\"@type\":\"PropertyValueSpecification\",\"valueRequired\":true,\"valueName\":\"search_term_string\"}}],\"inLanguage\":\"fr-FR\"},{\"@type\":\"Organization\",\"@id\":\"https:\\\/\\\/monpoisson.fr\\\/#organization\",\"name\":\"Mon Poisson\",\"url\":\"https:\\\/\\\/monpoisson.fr\\\/\",\"logo\":{\"@type\":\"ImageObject\",\"inLanguage\":\"fr-FR\",\"@id\":\"https:\\\/\\\/monpoisson.fr\\\/#\\\/schema\\\/logo\\\/image\\\/\",\"url\":\"https:\\\/\\\/monpoisson.fr\\\/wp-content\\\/uploads\\\/2024\\\/09\\\/cropped-cropped-Design-sans-titre-1.webp\",\"contentUrl\":\"https:\\\/\\\/monpoisson.fr\\\/wp-content\\\/uploads\\\/2024\\\/09\\\/cropped-cropped-Design-sans-titre-1.webp\",\"width\":512,\"height\":205,\"caption\":\"Mon Poisson\"},\"image\":{\"@id\":\"https:\\\/\\\/monpoisson.fr\\\/#\\\/schema\\\/logo\\\/image\\\/\"},\"sameAs\":[\"https:\\\/\\\/www.facebook.com\\\/pecheriescotinierecotiniere?locale=fr_FR\"]}]}<\/script>\n<!-- \/ Yoast SEO plugin. -->","yoast_head_json":{"title":"Rillettes aux Deux Saumons","description":"Laissez-vous s\u00e9duire par nos Rillettes aux Deux Saumons, une alliance parfaite entre le saumon frais et le saumon fum\u00e9, m\u00eal\u00e9s dans une texture fondante.","robots":{"index":"index","follow":"follow","max-snippet":"max-snippet:-1","max-image-preview":"max-image-preview:large","max-video-preview":"max-video-preview:-1"},"canonical":"https:\/\/monpoisson.fr\/index.php\/produit\/rillettes-aux-deux-saumons\/","og_locale":"fr_FR","og_type":"article","og_title":"Rillettes aux Deux Saumons","og_description":"Laissez-vous s\u00e9duire par nos Rillettes aux Deux Saumons, une alliance parfaite entre le saumon frais et le saumon fum\u00e9, m\u00eal\u00e9s dans une texture fondante.","og_url":"https:\/\/monpoisson.fr\/index.php\/produit\/rillettes-aux-deux-saumons\/","og_site_name":"Mon Poisson","article_publisher":"https:\/\/www.facebook.com\/pecheriescotinierecotiniere?locale=fr_FR","article_modified_time":"2025-02-10T15:06:43+00:00","og_image":[{"url":"https:\/\/monpoisson.fr\/wp-content\/uploads\/2024\/12\/IMG_2843.jpg","width":1,"height":1,"type":"image\/jpeg"}],"twitter_card":"summary_large_image","twitter_misc":{"Dur\u00e9e de lecture estim\u00e9e":"1 minute"},"schema":{"@context":"https:\/\/schema.org","@graph":[{"@type":"WebPage","@id":"https:\/\/monpoisson.fr\/index.php\/produit\/rillettes-aux-deux-saumons\/","url":"https:\/\/monpoisson.fr\/index.php\/produit\/rillettes-aux-deux-saumons\/","name":"Rillettes aux Deux Saumons","isPartOf":{"@id":"https:\/\/monpoisson.fr\/#website"},"primaryImageOfPage":{"@id":"https:\/\/monpoisson.fr\/index.php\/produit\/rillettes-aux-deux-saumons\/#primaryimage"},"image":{"@id":"https:\/\/monpoisson.fr\/index.php\/produit\/rillettes-aux-deux-saumons\/#primaryimage"},"thumbnailUrl":"https:\/\/monpoisson.fr\/wp-content\/uploads\/2024\/12\/IMG_2843.jpg","datePublished":"2024-12-27T15:26:42+00:00","dateModified":"2025-02-10T15:06:43+00:00","description":"Laissez-vous s\u00e9duire par nos Rillettes aux Deux Saumons, une alliance parfaite entre le saumon frais et le saumon fum\u00e9, m\u00eal\u00e9s dans une texture fondante.","breadcrumb":{"@id":"https:\/\/monpoisson.fr\/index.php\/produit\/rillettes-aux-deux-saumons\/#breadcrumb"},"inLanguage":"fr-FR","potentialAction":[{"@type":"ReadAction","target":["https:\/\/monpoisson.fr\/index.php\/produit\/rillettes-aux-deux-saumons\/"]}]},{"@type":"ImageObject","inLanguage":"fr-FR","@id":"https:\/\/monpoisson.fr\/index.php\/produit\/rillettes-aux-deux-saumons\/#primaryimage","url":"https:\/\/monpoisson.fr\/wp-content\/uploads\/2024\/12\/IMG_2843.jpg","contentUrl":"https:\/\/monpoisson.fr\/wp-content\/uploads\/2024\/12\/IMG_2843.jpg","caption":"Rillettes aux Deux Saumons"},{"@type":"BreadcrumbList","@id":"https:\/\/monpoisson.fr\/index.php\/produit\/rillettes-aux-deux-saumons\/#breadcrumb","itemListElement":[{"@type":"ListItem","position":1,"name":"Accueil","item":"https:\/\/monpoisson.fr\/"},{"@type":"ListItem","position":2,"name":"Boutique","item":"https:\/\/monpoisson.fr\/index.php\/boutique\/"},{"@type":"ListItem","position":3,"name":"Rillettes aux Deux Saumons &#8211; Les 100 g"}]},{"@type":"WebSite","@id":"https:\/\/monpoisson.fr\/#website","url":"https:\/\/monpoisson.fr\/","name":"Mon Poisson","description":"","publisher":{"@id":"https:\/\/monpoisson.fr\/#organization"},"potentialAction":[{"@type":"SearchAction","target":{"@type":"EntryPoint","urlTemplate":"https:\/\/monpoisson.fr\/?s={search_term_string}"},"query-input":{"@type":"PropertyValueSpecification","valueRequired":true,"valueName":"search_term_string"}}],"inLanguage":"fr-FR"},{"@type":"Organization","@id":"https:\/\/monpoisson.fr\/#organization","name":"Mon Poisson","url":"https:\/\/monpoisson.fr\/","logo":{"@type":"ImageObject","inLanguage":"fr-FR","@id":"https:\/\/monpoisson.fr\/#\/schema\/logo\/image\/","url":"https:\/\/monpoisson.fr\/wp-content\/uploads\/2024\/09\/cropped-cropped-Design-sans-titre-1.webp","contentUrl":"https:\/\/monpoisson.fr\/wp-content\/uploads\/2024\/09\/cropped-cropped-Design-sans-titre-1.webp","width":512,"height":205,"caption":"Mon Poisson"},"image":{"@id":"https:\/\/monpoisson.fr\/#\/schema\/logo\/image\/"},"sameAs":["https:\/\/www.facebook.com\/pecheriescotinierecotiniere?locale=fr_FR"]}]}},"uagb_featured_image_src":{"full":["https:\/\/monpoisson.fr\/wp-content\/uploads\/2024\/12\/IMG_2843.jpg",0,0,false],"thumbnail":["https:\/\/monpoisson.fr\/wp-content\/uploads\/2024\/12\/IMG_2843.jpg",1,1,false],"medium":["https:\/\/monpoisson.fr\/wp-content\/uploads\/2024\/12\/IMG_2843.jpg",1,1,false],"medium_large":["https:\/\/monpoisson.fr\/wp-content\/uploads\/2024\/12\/IMG_2843.jpg",1,1,false],"large":["https:\/\/monpoisson.fr\/wp-content\/uploads\/2024\/12\/IMG_2843.jpg",1,1,false],"1536x1536":["https:\/\/monpoisson.fr\/wp-content\/uploads\/2024\/12\/IMG_2843.jpg",1,1,false],"2048x2048":["https:\/\/monpoisson.fr\/wp-content\/uploads\/2024\/12\/IMG_2843.jpg",1,1,false],"woocommerce_thumbnail":["https:\/\/monpoisson.fr\/wp-content\/uploads\/2024\/12\/IMG_2843.jpg",1,1,false],"woocommerce_single":["https:\/\/monpoisson.fr\/wp-content\/uploads\/2024\/12\/IMG_2843.jpg",1,1,false],"woocommerce_gallery_thumbnail":["https:\/\/monpoisson.fr\/wp-content\/uploads\/2024\/12\/IMG_2843.jpg",1,1,false]},"uagb_author_info":{"display_name":"Lola","author_link":"https:\/\/monpoisson.fr\/index.php\/author\/"},"uagb_comment_info":0,"uagb_excerpt":"Laissez-vous s\u00e9duire par nos Rillettes aux Deux Saumons, une alliance parfaite entre le saumon frais et le saumon fum\u00e9, m\u00eal\u00e9s dans une texture fondante et relev\u00e9s d\u2019une pointe de fra\u00eecheur.","_links":{"self":[{"href":"https:\/\/monpoisson.fr\/index.php\/wp-json\/wp\/v2\/product\/546","targetHints":{"allow":["GET"]}}],"collection":[{"href":"https:\/\/monpoisson.fr\/index.php\/wp-json\/wp\/v2\/product"}],"about":[{"href":"https:\/\/monpoisson.fr\/index.php\/wp-json\/wp\/v2\/types\/product"}],"version-history":[{"count":9,"href":"https:\/\/monpoisson.fr\/index.php\/wp-json\/wp\/v2\/product\/546\/revisions"}],"predecessor-version":[{"id":806,"href":"https:\/\/monpoisson.fr\/index.php\/wp-json\/wp\/v2\/product\/546\/revisions\/806"}],"wp:featuredmedia":[{"embeddable":true,"href":"https:\/\/monpoisson.fr\/index.php\/wp-json\/wp\/v2\/media\/747"}],"wp:attachment":[{"href":"https:\/\/monpoisson.fr\/index.php\/wp-json\/wp\/v2\/media?parent=546"}],"wp:term":[{"taxonomy":"product_brand","embeddable":true,"href":"https:\/\/monpoisson.fr\/index.php\/wp-json\/wp\/v2\/product_brand?post=546"},{"taxonomy":"product_cat","embeddable":true,"href":"https:\/\/monpoisson.fr\/index.php\/wp-json\/wp\/v2\/product_cat?post=546"},{"taxonomy":"product_tag","embeddable":true,"href":"https:\/\/monpoisson.fr\/index.php\/wp-json\/wp\/v2\/product_tag?post=546"}],"curies":[{"name":"wp","href":"https:\/\/api.w.org\/{rel}","templated":true}]}}