{"id":539,"date":"2024-12-27T16:16:37","date_gmt":"2024-12-27T15:16:37","guid":{"rendered":"https:\/\/monpoisson.fr\/?post_type=product&#038;p=539"},"modified":"2025-02-10T16:08:24","modified_gmt":"2025-02-10T15:08:24","slug":"rillettes-de-merlu-au-chorizo","status":"publish","type":"product","link":"https:\/\/monpoisson.fr\/index.php\/produit\/rillettes-de-merlu-au-chorizo\/","title":{"rendered":"Rillettes de Merlu au Chorizo &#8211; Les 100 g"},"content":{"rendered":"\t\t<div data-elementor-type=\"wp-post\" data-elementor-id=\"539\" class=\"elementor elementor-539\">\n\t\t\t\t<div class=\"elementor-element elementor-element-5c208736 e-flex e-con-boxed e-con e-parent\" data-id=\"5c208736\" data-element_type=\"container\" data-e-type=\"container\">\n\t\t\t\t\t<div class=\"e-con-inner\">\n\t\t\t\t<div class=\"elementor-element elementor-element-7a1fb4f9 elementor-widget elementor-widget-text-editor\" data-id=\"7a1fb4f9\" data-element_type=\"widget\" data-e-type=\"widget\" data-widget_type=\"text-editor.default\">\n\t\t\t\t\t\t\t\t\t<h3><strong>Rillettes de Merlu au Chorizo &#8211; 4,20 \u20ac les 100 g&nbsp;<\/strong><\/h3>\n<p>Succombez \u00e0 nos Rillettes de Merlu au Chorizo, o\u00f9 la tendret\u00e9 du merlu rencontre la chaleur \u00e9pic\u00e9e du chorizo. Une recette gourmande et originale, \u00e0 savourer sur du pain croustillant pour un ap\u00e9ritif plein de caract\u00e8re. Une bouch\u00e9e, et c\u2019est le voyage assur\u00e9 entre terre et mer.<\/p>\n<p><u style=\"font-size: 18px; letter-spacing: 0.2px; text-align: var(--text-align);\">Ingr\u00e9dients<\/u><span style=\"font-size: 18px; letter-spacing: 0.2px; text-align: var(--text-align);\"> : <strong>Merlu,<\/strong>&nbsp;<strong>Fromage frais, Chorizo,<\/strong> Piment d&rsquo;Espelette<\/span><\/p>\n<h3 style=\"font-size: 18px; line-height: 29px; color: #000000; letter-spacing: 0.2px;\" data-elementor-setting-key=\"title\" data-pen-placeholder=\"\u00c9crivez ici...\"><u>Allerg\u00e8nes<\/u> : <span style=\"font-weight: bold;\">Lait, Soja, Poisson<\/span><\/h3>\n<div><span style=\"font-weight: bold;\">&nbsp;<\/span><\/div>\n<div><u>Portion<\/u> : 100 g<\/div>\n<div>&nbsp;<\/div>\t\t\t\t\t\t\t\t<\/div>\n\t\t\t\t\t<\/div>\n\t\t\t\t<\/div>\n\t\t\t\t<\/div>\n\t\t","protected":false},"excerpt":{"rendered":"<p>Succombez \u00e0 nos Rillettes de Merlu au Chorizo, o\u00f9 la tendret\u00e9 du merlu rencontre la chaleur \u00e9pic\u00e9e du chorizo. Une recette gourmande et originale, \u00e0 savourer sur du pain croustillant pour un ap\u00e9ritif plein de caract\u00e8re. Une bouch\u00e9e, et c\u2019est le voyage assur\u00e9 entre terre et mer.<\/p>\n","protected":false},"featured_media":748,"template":"","meta":{"_uag_custom_page_level_css":"","site-sidebar-layout":"default","site-content-layout":"","ast-site-content-layout":"default","site-content-style":"default","site-sidebar-style":"default","ast-global-header-display":"","ast-banner-title-visibility":"","ast-main-header-display":"","ast-hfb-above-header-display":"","ast-hfb-below-header-display":"","ast-hfb-mobile-header-display":"","site-post-title":"","ast-breadcrumbs-content":"","ast-featured-img":"","footer-sml-layout":"","ast-disable-related-posts":"","theme-transparent-header-meta":"","adv-header-id-meta":"","stick-header-meta":"","header-above-stick-meta":"","header-main-stick-meta":"","header-below-stick-meta":"","astra-migrate-meta-layouts":"default","ast-page-background-enabled":"default","ast-page-background-meta":{"desktop":{"background-color":"var(--ast-global-color-4)","background-image":"","background-repeat":"repeat","background-position":"center center","background-size":"auto","background-attachment":"scroll","background-type":"","background-media":"","overlay-type":"","overlay-color":"","overlay-opacity":"","overlay-gradient":""},"tablet":{"background-color":"","background-image":"","background-repeat":"repeat","background-position":"center center","background-size":"auto","background-attachment":"scroll","background-type":"","background-media":"","overlay-type":"","overlay-color":"","overlay-opacity":"","overlay-gradient":""},"mobile":{"background-color":"","background-image":"","background-repeat":"repeat","background-position":"center center","background-size":"auto","background-attachment":"scroll","background-type":"","background-media":"","overlay-type":"","overlay-color":"","overlay-opacity":"","overlay-gradient":""}},"ast-content-background-meta":{"desktop":{"background-color":"var(--ast-global-color-5)","background-image":"","background-repeat":"repeat","background-position":"center center","background-size":"auto","background-attachment":"scroll","background-type":"","background-media":"","overlay-type":"","overlay-color":"","overlay-opacity":"","overlay-gradient":""},"tablet":{"background-color":"var(--ast-global-color-5)","background-image":"","background-repeat":"repeat","background-position":"center center","background-size":"auto","background-attachment":"scroll","background-type":"","background-media":"","overlay-type":"","overlay-color":"","overlay-opacity":"","overlay-gradient":""},"mobile":{"background-color":"var(--ast-global-color-5)","background-image":"","background-repeat":"repeat","background-position":"center center","background-size":"auto","background-attachment":"scroll","background-type":"","background-media":"","overlay-type":"","overlay-color":"","overlay-opacity":"","overlay-gradient":""}}},"product_brand":[],"product_cat":[18],"product_tag":[],"class_list":{"0":"post-539","1":"product","2":"type-product","3":"status-publish","4":"has-post-thumbnail","6":"product_cat-traiteur","7":"desktop-align-left","8":"tablet-align-left","9":"mobile-align-left","11":"first","12":"instock","13":"shipping-taxable","14":"purchasable","15":"product-type-simple"},"yoast_head":"<!-- This site is optimized with the Yoast SEO plugin v27.5 - https:\/\/yoast.com\/product\/yoast-seo-wordpress\/ -->\n<title>Rillettes de Merlu au Chorizo<\/title>\n<meta name=\"description\" content=\"Succombez \u00e0 nos Rillettes de Merlu au Chorizo, o\u00f9 la tendret\u00e9 du merlu rencontre la chaleur \u00e9pic\u00e9e du chorizo. Une recette gourmande et originale.\" \/>\n<meta name=\"robots\" content=\"index, follow, max-snippet:-1, max-image-preview:large, max-video-preview:-1\" \/>\n<link rel=\"canonical\" href=\"https:\/\/monpoisson.fr\/index.php\/produit\/rillettes-de-merlu-au-chorizo\/\" \/>\n<meta property=\"og:locale\" content=\"fr_FR\" \/>\n<meta property=\"og:type\" content=\"article\" \/>\n<meta property=\"og:title\" content=\"Rillettes de Merlu au Chorizo\" \/>\n<meta property=\"og:description\" content=\"Succombez \u00e0 nos Rillettes de Merlu au Chorizo, o\u00f9 la tendret\u00e9 du merlu rencontre la chaleur \u00e9pic\u00e9e du chorizo. Une recette gourmande et originale.\" \/>\n<meta property=\"og:url\" content=\"https:\/\/monpoisson.fr\/index.php\/produit\/rillettes-de-merlu-au-chorizo\/\" \/>\n<meta property=\"og:site_name\" content=\"Mon Poisson\" \/>\n<meta property=\"article:publisher\" content=\"https:\/\/www.facebook.com\/pecheriescotinierecotiniere?locale=fr_FR\" \/>\n<meta property=\"article:modified_time\" content=\"2025-02-10T15:08:24+00:00\" \/>\n<meta property=\"og:image\" content=\"https:\/\/monpoisson.fr\/wp-content\/uploads\/2024\/12\/IMG_2799-841x1024.jpg\" \/>\n\t<meta property=\"og:image:width\" content=\"841\" \/>\n\t<meta property=\"og:image:height\" content=\"1024\" \/>\n\t<meta property=\"og:image:type\" content=\"image\/jpeg\" \/>\n<meta name=\"twitter:card\" content=\"summary_large_image\" \/>\n<meta name=\"twitter:label1\" content=\"Dur\u00e9e de lecture estim\u00e9e\" \/>\n\t<meta name=\"twitter:data1\" content=\"1 minute\" \/>\n<script type=\"application\/ld+json\" class=\"yoast-schema-graph\">{\"@context\":\"https:\\\/\\\/schema.org\",\"@graph\":[{\"@type\":\"WebPage\",\"@id\":\"https:\\\/\\\/monpoisson.fr\\\/index.php\\\/produit\\\/rillettes-de-merlu-au-chorizo\\\/\",\"url\":\"https:\\\/\\\/monpoisson.fr\\\/index.php\\\/produit\\\/rillettes-de-merlu-au-chorizo\\\/\",\"name\":\"Rillettes de Merlu au Chorizo\",\"isPartOf\":{\"@id\":\"https:\\\/\\\/monpoisson.fr\\\/#website\"},\"primaryImageOfPage\":{\"@id\":\"https:\\\/\\\/monpoisson.fr\\\/index.php\\\/produit\\\/rillettes-de-merlu-au-chorizo\\\/#primaryimage\"},\"image\":{\"@id\":\"https:\\\/\\\/monpoisson.fr\\\/index.php\\\/produit\\\/rillettes-de-merlu-au-chorizo\\\/#primaryimage\"},\"thumbnailUrl\":\"https:\\\/\\\/monpoisson.fr\\\/wp-content\\\/uploads\\\/2024\\\/12\\\/IMG_2799.jpg\",\"datePublished\":\"2024-12-27T15:16:37+00:00\",\"dateModified\":\"2025-02-10T15:08:24+00:00\",\"description\":\"Succombez \u00e0 nos Rillettes de Merlu au Chorizo, o\u00f9 la tendret\u00e9 du merlu rencontre la chaleur \u00e9pic\u00e9e du chorizo. Une recette gourmande et originale.\",\"breadcrumb\":{\"@id\":\"https:\\\/\\\/monpoisson.fr\\\/index.php\\\/produit\\\/rillettes-de-merlu-au-chorizo\\\/#breadcrumb\"},\"inLanguage\":\"fr-FR\",\"potentialAction\":[{\"@type\":\"ReadAction\",\"target\":[\"https:\\\/\\\/monpoisson.fr\\\/index.php\\\/produit\\\/rillettes-de-merlu-au-chorizo\\\/\"]}]},{\"@type\":\"ImageObject\",\"inLanguage\":\"fr-FR\",\"@id\":\"https:\\\/\\\/monpoisson.fr\\\/index.php\\\/produit\\\/rillettes-de-merlu-au-chorizo\\\/#primaryimage\",\"url\":\"https:\\\/\\\/monpoisson.fr\\\/wp-content\\\/uploads\\\/2024\\\/12\\\/IMG_2799.jpg\",\"contentUrl\":\"https:\\\/\\\/monpoisson.fr\\\/wp-content\\\/uploads\\\/2024\\\/12\\\/IMG_2799.jpg\",\"width\":2721,\"height\":3313,\"caption\":\"Rillettes de Merlu au Chorizo\"},{\"@type\":\"BreadcrumbList\",\"@id\":\"https:\\\/\\\/monpoisson.fr\\\/index.php\\\/produit\\\/rillettes-de-merlu-au-chorizo\\\/#breadcrumb\",\"itemListElement\":[{\"@type\":\"ListItem\",\"position\":1,\"name\":\"Accueil\",\"item\":\"https:\\\/\\\/monpoisson.fr\\\/\"},{\"@type\":\"ListItem\",\"position\":2,\"name\":\"Boutique\",\"item\":\"https:\\\/\\\/monpoisson.fr\\\/index.php\\\/boutique\\\/\"},{\"@type\":\"ListItem\",\"position\":3,\"name\":\"Rillettes de Merlu au Chorizo &#8211; Les 100 g\"}]},{\"@type\":\"WebSite\",\"@id\":\"https:\\\/\\\/monpoisson.fr\\\/#website\",\"url\":\"https:\\\/\\\/monpoisson.fr\\\/\",\"name\":\"Mon Poisson\",\"description\":\"\",\"publisher\":{\"@id\":\"https:\\\/\\\/monpoisson.fr\\\/#organization\"},\"potentialAction\":[{\"@type\":\"SearchAction\",\"target\":{\"@type\":\"EntryPoint\",\"urlTemplate\":\"https:\\\/\\\/monpoisson.fr\\\/?s={search_term_string}\"},\"query-input\":{\"@type\":\"PropertyValueSpecification\",\"valueRequired\":true,\"valueName\":\"search_term_string\"}}],\"inLanguage\":\"fr-FR\"},{\"@type\":\"Organization\",\"@id\":\"https:\\\/\\\/monpoisson.fr\\\/#organization\",\"name\":\"Mon Poisson\",\"url\":\"https:\\\/\\\/monpoisson.fr\\\/\",\"logo\":{\"@type\":\"ImageObject\",\"inLanguage\":\"fr-FR\",\"@id\":\"https:\\\/\\\/monpoisson.fr\\\/#\\\/schema\\\/logo\\\/image\\\/\",\"url\":\"https:\\\/\\\/monpoisson.fr\\\/wp-content\\\/uploads\\\/2024\\\/09\\\/cropped-cropped-Design-sans-titre-1.webp\",\"contentUrl\":\"https:\\\/\\\/monpoisson.fr\\\/wp-content\\\/uploads\\\/2024\\\/09\\\/cropped-cropped-Design-sans-titre-1.webp\",\"width\":512,\"height\":205,\"caption\":\"Mon Poisson\"},\"image\":{\"@id\":\"https:\\\/\\\/monpoisson.fr\\\/#\\\/schema\\\/logo\\\/image\\\/\"},\"sameAs\":[\"https:\\\/\\\/www.facebook.com\\\/pecheriescotinierecotiniere?locale=fr_FR\"]}]}<\/script>\n<!-- \/ Yoast SEO plugin. -->","yoast_head_json":{"title":"Rillettes de Merlu au Chorizo","description":"Succombez \u00e0 nos Rillettes de Merlu au Chorizo, o\u00f9 la tendret\u00e9 du merlu rencontre la chaleur \u00e9pic\u00e9e du chorizo. Une recette gourmande et originale.","robots":{"index":"index","follow":"follow","max-snippet":"max-snippet:-1","max-image-preview":"max-image-preview:large","max-video-preview":"max-video-preview:-1"},"canonical":"https:\/\/monpoisson.fr\/index.php\/produit\/rillettes-de-merlu-au-chorizo\/","og_locale":"fr_FR","og_type":"article","og_title":"Rillettes de Merlu au Chorizo","og_description":"Succombez \u00e0 nos Rillettes de Merlu au Chorizo, o\u00f9 la tendret\u00e9 du merlu rencontre la chaleur \u00e9pic\u00e9e du chorizo. Une recette gourmande et originale.","og_url":"https:\/\/monpoisson.fr\/index.php\/produit\/rillettes-de-merlu-au-chorizo\/","og_site_name":"Mon Poisson","article_publisher":"https:\/\/www.facebook.com\/pecheriescotinierecotiniere?locale=fr_FR","article_modified_time":"2025-02-10T15:08:24+00:00","og_image":[{"width":841,"height":1024,"url":"https:\/\/monpoisson.fr\/wp-content\/uploads\/2024\/12\/IMG_2799-841x1024.jpg","type":"image\/jpeg"}],"twitter_card":"summary_large_image","twitter_misc":{"Dur\u00e9e de lecture estim\u00e9e":"1 minute"},"schema":{"@context":"https:\/\/schema.org","@graph":[{"@type":"WebPage","@id":"https:\/\/monpoisson.fr\/index.php\/produit\/rillettes-de-merlu-au-chorizo\/","url":"https:\/\/monpoisson.fr\/index.php\/produit\/rillettes-de-merlu-au-chorizo\/","name":"Rillettes de Merlu au Chorizo","isPartOf":{"@id":"https:\/\/monpoisson.fr\/#website"},"primaryImageOfPage":{"@id":"https:\/\/monpoisson.fr\/index.php\/produit\/rillettes-de-merlu-au-chorizo\/#primaryimage"},"image":{"@id":"https:\/\/monpoisson.fr\/index.php\/produit\/rillettes-de-merlu-au-chorizo\/#primaryimage"},"thumbnailUrl":"https:\/\/monpoisson.fr\/wp-content\/uploads\/2024\/12\/IMG_2799.jpg","datePublished":"2024-12-27T15:16:37+00:00","dateModified":"2025-02-10T15:08:24+00:00","description":"Succombez \u00e0 nos Rillettes de Merlu au Chorizo, o\u00f9 la tendret\u00e9 du merlu rencontre la chaleur \u00e9pic\u00e9e du chorizo. Une recette gourmande et originale.","breadcrumb":{"@id":"https:\/\/monpoisson.fr\/index.php\/produit\/rillettes-de-merlu-au-chorizo\/#breadcrumb"},"inLanguage":"fr-FR","potentialAction":[{"@type":"ReadAction","target":["https:\/\/monpoisson.fr\/index.php\/produit\/rillettes-de-merlu-au-chorizo\/"]}]},{"@type":"ImageObject","inLanguage":"fr-FR","@id":"https:\/\/monpoisson.fr\/index.php\/produit\/rillettes-de-merlu-au-chorizo\/#primaryimage","url":"https:\/\/monpoisson.fr\/wp-content\/uploads\/2024\/12\/IMG_2799.jpg","contentUrl":"https:\/\/monpoisson.fr\/wp-content\/uploads\/2024\/12\/IMG_2799.jpg","width":2721,"height":3313,"caption":"Rillettes de Merlu au Chorizo"},{"@type":"BreadcrumbList","@id":"https:\/\/monpoisson.fr\/index.php\/produit\/rillettes-de-merlu-au-chorizo\/#breadcrumb","itemListElement":[{"@type":"ListItem","position":1,"name":"Accueil","item":"https:\/\/monpoisson.fr\/"},{"@type":"ListItem","position":2,"name":"Boutique","item":"https:\/\/monpoisson.fr\/index.php\/boutique\/"},{"@type":"ListItem","position":3,"name":"Rillettes de Merlu au Chorizo &#8211; Les 100 g"}]},{"@type":"WebSite","@id":"https:\/\/monpoisson.fr\/#website","url":"https:\/\/monpoisson.fr\/","name":"Mon Poisson","description":"","publisher":{"@id":"https:\/\/monpoisson.fr\/#organization"},"potentialAction":[{"@type":"SearchAction","target":{"@type":"EntryPoint","urlTemplate":"https:\/\/monpoisson.fr\/?s={search_term_string}"},"query-input":{"@type":"PropertyValueSpecification","valueRequired":true,"valueName":"search_term_string"}}],"inLanguage":"fr-FR"},{"@type":"Organization","@id":"https:\/\/monpoisson.fr\/#organization","name":"Mon Poisson","url":"https:\/\/monpoisson.fr\/","logo":{"@type":"ImageObject","inLanguage":"fr-FR","@id":"https:\/\/monpoisson.fr\/#\/schema\/logo\/image\/","url":"https:\/\/monpoisson.fr\/wp-content\/uploads\/2024\/09\/cropped-cropped-Design-sans-titre-1.webp","contentUrl":"https:\/\/monpoisson.fr\/wp-content\/uploads\/2024\/09\/cropped-cropped-Design-sans-titre-1.webp","width":512,"height":205,"caption":"Mon Poisson"},"image":{"@id":"https:\/\/monpoisson.fr\/#\/schema\/logo\/image\/"},"sameAs":["https:\/\/www.facebook.com\/pecheriescotinierecotiniere?locale=fr_FR"]}]}},"uagb_featured_image_src":{"full":["https:\/\/monpoisson.fr\/wp-content\/uploads\/2024\/12\/IMG_2799.jpg",2721,3313,false],"thumbnail":["https:\/\/monpoisson.fr\/wp-content\/uploads\/2024\/12\/IMG_2799-150x150.jpg",150,150,true],"medium":["https:\/\/monpoisson.fr\/wp-content\/uploads\/2024\/12\/IMG_2799-246x300.jpg",246,300,true],"medium_large":["https:\/\/monpoisson.fr\/wp-content\/uploads\/2024\/12\/IMG_2799-768x935.jpg",768,935,true],"large":["https:\/\/monpoisson.fr\/wp-content\/uploads\/2024\/12\/IMG_2799-841x1024.jpg",841,1024,true],"1536x1536":["https:\/\/monpoisson.fr\/wp-content\/uploads\/2024\/12\/IMG_2799-1262x1536.jpg",1262,1536,true],"2048x2048":["https:\/\/monpoisson.fr\/wp-content\/uploads\/2024\/12\/IMG_2799-1682x2048.jpg",1682,2048,true],"woocommerce_thumbnail":["https:\/\/monpoisson.fr\/wp-content\/uploads\/2024\/12\/IMG_2799-300x300.jpg",300,300,true],"woocommerce_single":["https:\/\/monpoisson.fr\/wp-content\/uploads\/2024\/12\/IMG_2799-600x731.jpg",600,731,true],"woocommerce_gallery_thumbnail":["https:\/\/monpoisson.fr\/wp-content\/uploads\/2024\/12\/IMG_2799-100x100.jpg",100,100,true]},"uagb_author_info":{"display_name":"Lola","author_link":"https:\/\/monpoisson.fr\/index.php\/author\/"},"uagb_comment_info":0,"uagb_excerpt":"Succombez \u00e0 nos Rillettes de Merlu au Chorizo, o\u00f9 la tendret\u00e9 du merlu rencontre la chaleur \u00e9pic\u00e9e du chorizo. Une recette gourmande et originale, \u00e0 savourer sur du pain croustillant pour un ap\u00e9ritif plein de caract\u00e8re. Une bouch\u00e9e, et c\u2019est le voyage assur\u00e9 entre terre et mer.","_links":{"self":[{"href":"https:\/\/monpoisson.fr\/index.php\/wp-json\/wp\/v2\/product\/539","targetHints":{"allow":["GET"]}}],"collection":[{"href":"https:\/\/monpoisson.fr\/index.php\/wp-json\/wp\/v2\/product"}],"about":[{"href":"https:\/\/monpoisson.fr\/index.php\/wp-json\/wp\/v2\/types\/product"}],"version-history":[{"count":7,"href":"https:\/\/monpoisson.fr\/index.php\/wp-json\/wp\/v2\/product\/539\/revisions"}],"predecessor-version":[{"id":807,"href":"https:\/\/monpoisson.fr\/index.php\/wp-json\/wp\/v2\/product\/539\/revisions\/807"}],"wp:featuredmedia":[{"embeddable":true,"href":"https:\/\/monpoisson.fr\/index.php\/wp-json\/wp\/v2\/media\/748"}],"wp:attachment":[{"href":"https:\/\/monpoisson.fr\/index.php\/wp-json\/wp\/v2\/media?parent=539"}],"wp:term":[{"taxonomy":"product_brand","embeddable":true,"href":"https:\/\/monpoisson.fr\/index.php\/wp-json\/wp\/v2\/product_brand?post=539"},{"taxonomy":"product_cat","embeddable":true,"href":"https:\/\/monpoisson.fr\/index.php\/wp-json\/wp\/v2\/product_cat?post=539"},{"taxonomy":"product_tag","embeddable":true,"href":"https:\/\/monpoisson.fr\/index.php\/wp-json\/wp\/v2\/product_tag?post=539"}],"curies":[{"name":"wp","href":"https:\/\/api.w.org\/{rel}","templated":true}]}}