{"id":532,"date":"2024-12-27T16:02:22","date_gmt":"2024-12-27T15:02:22","guid":{"rendered":"https:\/\/monpoisson.fr\/?post_type=product&#038;p=532"},"modified":"2025-02-10T16:09:16","modified_gmt":"2025-02-10T15:09:16","slug":"rillettes-de-maigre-au-citron-confit","status":"publish","type":"product","link":"https:\/\/monpoisson.fr\/index.php\/produit\/rillettes-de-maigre-au-citron-confit\/","title":{"rendered":"Rillettes de Maigre au Citron Confit &#8211; Les 100 g"},"content":{"rendered":"\t\t<div data-elementor-type=\"wp-post\" data-elementor-id=\"532\" class=\"elementor elementor-532\">\n\t\t\t\t<div class=\"elementor-element elementor-element-5c208736 e-flex e-con-boxed e-con e-parent\" data-id=\"5c208736\" data-element_type=\"container\" data-e-type=\"container\">\n\t\t\t\t\t<div class=\"e-con-inner\">\n\t\t\t\t<div class=\"elementor-element elementor-element-7a1fb4f9 elementor-widget elementor-widget-text-editor\" data-id=\"7a1fb4f9\" data-element_type=\"widget\" data-e-type=\"widget\" data-widget_type=\"text-editor.default\">\n\t\t\t\t\t\t\t\t\t<h3><strong>Rillettes de Maigre au Citron Confit &#8211; 4,20 \u20ac les 100 g\u00a0<\/strong><\/h3><h3>\u00a0<\/h3><h3><span style=\"text-align: var(--text-align); color: #000000; font-size: 19px;\">Laissez-vous tenter par nos Rillettes de Maigre au Citron Confit, un mariage d\u00e9licat entre la finesse du maigre et la fra\u00eecheur acidul\u00e9e du citron confit. Une texture onctueuse, parfaite pour sublimer vos ap\u00e9ritifs ou accompagner une tranche de pain grill\u00e9. Une explosion de saveurs authentiques et \u00e9l\u00e9gantes<\/span><span style=\"text-align: var(--text-align); color: #000000; font-size: 19px;\">.<\/span><\/h3><p><u style=\"font-size: 18px; letter-spacing: 0.2px; text-align: var(--text-align);\">Ingr\u00e9dients<\/u><span style=\"font-size: 18px; letter-spacing: 0.2px; text-align: var(--text-align);\"> : <strong>Fromage frais, Maigre<\/strong>, Citron confit, Persil, Jus de citron<\/span><\/p><h3 style=\"font-size: 18px; line-height: 29px; color: #000000; letter-spacing: 0.2px;\" data-elementor-setting-key=\"title\" data-pen-placeholder=\"\u00c9crivez ici...\"><u>Allerg\u00e8nes<\/u> : <span style=\"font-weight: bold;\">Lait, Poisson<\/span><\/h3><div><span style=\"font-weight: bold;\">\u00a0<\/span><\/div><div><u>Portion<\/u> : 100 g<\/div><div>\u00a0<\/div>\t\t\t\t\t\t\t\t<\/div>\n\t\t\t\t\t<\/div>\n\t\t\t\t<\/div>\n\t\t\t\t<\/div>\n\t\t","protected":false},"excerpt":{"rendered":"<p>Laissez-vous tenter par nos Rillettes de Maigre au Citron Confit, un mariage d\u00e9licat entre la finesse du maigre et la fra\u00eecheur acidul\u00e9e du citron confit.<\/p>\n","protected":false},"featured_media":749,"template":"","meta":{"_uag_custom_page_level_css":"","site-sidebar-layout":"default","site-content-layout":"","ast-site-content-layout":"default","site-content-style":"default","site-sidebar-style":"default","ast-global-header-display":"","ast-banner-title-visibility":"","ast-main-header-display":"","ast-hfb-above-header-display":"","ast-hfb-below-header-display":"","ast-hfb-mobile-header-display":"","site-post-title":"","ast-breadcrumbs-content":"","ast-featured-img":"","footer-sml-layout":"","ast-disable-related-posts":"","theme-transparent-header-meta":"","adv-header-id-meta":"","stick-header-meta":"","header-above-stick-meta":"","header-main-stick-meta":"","header-below-stick-meta":"","astra-migrate-meta-layouts":"default","ast-page-background-enabled":"default","ast-page-background-meta":{"desktop":{"background-color":"var(--ast-global-color-4)","background-image":"","background-repeat":"repeat","background-position":"center center","background-size":"auto","background-attachment":"scroll","background-type":"","background-media":"","overlay-type":"","overlay-color":"","overlay-opacity":"","overlay-gradient":""},"tablet":{"background-color":"","background-image":"","background-repeat":"repeat","background-position":"center center","background-size":"auto","background-attachment":"scroll","background-type":"","background-media":"","overlay-type":"","overlay-color":"","overlay-opacity":"","overlay-gradient":""},"mobile":{"background-color":"","background-image":"","background-repeat":"repeat","background-position":"center center","background-size":"auto","background-attachment":"scroll","background-type":"","background-media":"","overlay-type":"","overlay-color":"","overlay-opacity":"","overlay-gradient":""}},"ast-content-background-meta":{"desktop":{"background-color":"var(--ast-global-color-5)","background-image":"","background-repeat":"repeat","background-position":"center center","background-size":"auto","background-attachment":"scroll","background-type":"","background-media":"","overlay-type":"","overlay-color":"","overlay-opacity":"","overlay-gradient":""},"tablet":{"background-color":"var(--ast-global-color-5)","background-image":"","background-repeat":"repeat","background-position":"center center","background-size":"auto","background-attachment":"scroll","background-type":"","background-media":"","overlay-type":"","overlay-color":"","overlay-opacity":"","overlay-gradient":""},"mobile":{"background-color":"var(--ast-global-color-5)","background-image":"","background-repeat":"repeat","background-position":"center center","background-size":"auto","background-attachment":"scroll","background-type":"","background-media":"","overlay-type":"","overlay-color":"","overlay-opacity":"","overlay-gradient":""}}},"product_brand":[],"product_cat":[18],"product_tag":[],"class_list":{"0":"post-532","1":"product","2":"type-product","3":"status-publish","4":"has-post-thumbnail","6":"product_cat-traiteur","7":"desktop-align-left","8":"tablet-align-left","9":"mobile-align-left","11":"first","12":"instock","13":"shipping-taxable","14":"purchasable","15":"product-type-simple"},"yoast_head":"<!-- This site is optimized with the Yoast SEO plugin v27.5 - https:\/\/yoast.com\/product\/yoast-seo-wordpress\/ -->\n<title>Rillettes de Maigre au Citron Confit<\/title>\n<meta name=\"description\" content=\"Laissez-vous tenter par nos Rillettes de Maigre au Citron Confit, un mariage d\u00e9licat entre la finesse du maigre et la fra\u00eecheur acidul\u00e9e du citron confit.\" \/>\n<meta name=\"robots\" content=\"index, follow, max-snippet:-1, max-image-preview:large, max-video-preview:-1\" \/>\n<link rel=\"canonical\" href=\"https:\/\/monpoisson.fr\/index.php\/produit\/rillettes-de-maigre-au-citron-confit\/\" \/>\n<meta property=\"og:locale\" content=\"fr_FR\" \/>\n<meta property=\"og:type\" content=\"article\" \/>\n<meta property=\"og:title\" content=\"Rillettes de Maigre au Citron Confit\" \/>\n<meta property=\"og:description\" content=\"Laissez-vous tenter par nos Rillettes de Maigre au Citron Confit, un mariage d\u00e9licat entre la finesse du maigre et la fra\u00eecheur acidul\u00e9e du citron confit.\" \/>\n<meta property=\"og:url\" content=\"https:\/\/monpoisson.fr\/index.php\/produit\/rillettes-de-maigre-au-citron-confit\/\" \/>\n<meta property=\"og:site_name\" content=\"Mon Poisson\" \/>\n<meta property=\"article:publisher\" content=\"https:\/\/www.facebook.com\/pecheriescotinierecotiniere?locale=fr_FR\" \/>\n<meta property=\"article:modified_time\" content=\"2025-02-10T15:09:16+00:00\" \/>\n<meta property=\"og:image\" content=\"https:\/\/monpoisson.fr\/wp-content\/uploads\/2024\/12\/IMG_2771.jpg\" \/>\n\t<meta property=\"og:image:width\" content=\"880\" \/>\n\t<meta property=\"og:image:height\" content=\"1024\" \/>\n\t<meta property=\"og:image:type\" content=\"image\/jpeg\" \/>\n<meta name=\"twitter:card\" content=\"summary_large_image\" \/>\n<meta name=\"twitter:label1\" content=\"Dur\u00e9e de lecture estim\u00e9e\" \/>\n\t<meta name=\"twitter:data1\" content=\"1 minute\" \/>\n<script type=\"application\/ld+json\" class=\"yoast-schema-graph\">{\"@context\":\"https:\\\/\\\/schema.org\",\"@graph\":[{\"@type\":\"WebPage\",\"@id\":\"https:\\\/\\\/monpoisson.fr\\\/index.php\\\/produit\\\/rillettes-de-maigre-au-citron-confit\\\/\",\"url\":\"https:\\\/\\\/monpoisson.fr\\\/index.php\\\/produit\\\/rillettes-de-maigre-au-citron-confit\\\/\",\"name\":\"Rillettes de Maigre au Citron Confit\",\"isPartOf\":{\"@id\":\"https:\\\/\\\/monpoisson.fr\\\/#website\"},\"primaryImageOfPage\":{\"@id\":\"https:\\\/\\\/monpoisson.fr\\\/index.php\\\/produit\\\/rillettes-de-maigre-au-citron-confit\\\/#primaryimage\"},\"image\":{\"@id\":\"https:\\\/\\\/monpoisson.fr\\\/index.php\\\/produit\\\/rillettes-de-maigre-au-citron-confit\\\/#primaryimage\"},\"thumbnailUrl\":\"https:\\\/\\\/monpoisson.fr\\\/wp-content\\\/uploads\\\/2024\\\/12\\\/IMG_2771.jpg\",\"datePublished\":\"2024-12-27T15:02:22+00:00\",\"dateModified\":\"2025-02-10T15:09:16+00:00\",\"description\":\"Laissez-vous tenter par nos Rillettes de Maigre au Citron Confit, un mariage d\u00e9licat entre la finesse du maigre et la fra\u00eecheur acidul\u00e9e du citron confit.\",\"breadcrumb\":{\"@id\":\"https:\\\/\\\/monpoisson.fr\\\/index.php\\\/produit\\\/rillettes-de-maigre-au-citron-confit\\\/#breadcrumb\"},\"inLanguage\":\"fr-FR\",\"potentialAction\":[{\"@type\":\"ReadAction\",\"target\":[\"https:\\\/\\\/monpoisson.fr\\\/index.php\\\/produit\\\/rillettes-de-maigre-au-citron-confit\\\/\"]}]},{\"@type\":\"ImageObject\",\"inLanguage\":\"fr-FR\",\"@id\":\"https:\\\/\\\/monpoisson.fr\\\/index.php\\\/produit\\\/rillettes-de-maigre-au-citron-confit\\\/#primaryimage\",\"url\":\"https:\\\/\\\/monpoisson.fr\\\/wp-content\\\/uploads\\\/2024\\\/12\\\/IMG_2771.jpg\",\"contentUrl\":\"https:\\\/\\\/monpoisson.fr\\\/wp-content\\\/uploads\\\/2024\\\/12\\\/IMG_2771.jpg\",\"width\":2813,\"height\":3272,\"caption\":\"Rillettes de Maigre au Citron confit\"},{\"@type\":\"BreadcrumbList\",\"@id\":\"https:\\\/\\\/monpoisson.fr\\\/index.php\\\/produit\\\/rillettes-de-maigre-au-citron-confit\\\/#breadcrumb\",\"itemListElement\":[{\"@type\":\"ListItem\",\"position\":1,\"name\":\"Accueil\",\"item\":\"https:\\\/\\\/monpoisson.fr\\\/\"},{\"@type\":\"ListItem\",\"position\":2,\"name\":\"Boutique\",\"item\":\"https:\\\/\\\/monpoisson.fr\\\/index.php\\\/boutique\\\/\"},{\"@type\":\"ListItem\",\"position\":3,\"name\":\"Rillettes de Maigre au Citron Confit &#8211; Les 100 g\"}]},{\"@type\":\"WebSite\",\"@id\":\"https:\\\/\\\/monpoisson.fr\\\/#website\",\"url\":\"https:\\\/\\\/monpoisson.fr\\\/\",\"name\":\"Mon Poisson\",\"description\":\"\",\"publisher\":{\"@id\":\"https:\\\/\\\/monpoisson.fr\\\/#organization\"},\"potentialAction\":[{\"@type\":\"SearchAction\",\"target\":{\"@type\":\"EntryPoint\",\"urlTemplate\":\"https:\\\/\\\/monpoisson.fr\\\/?s={search_term_string}\"},\"query-input\":{\"@type\":\"PropertyValueSpecification\",\"valueRequired\":true,\"valueName\":\"search_term_string\"}}],\"inLanguage\":\"fr-FR\"},{\"@type\":\"Organization\",\"@id\":\"https:\\\/\\\/monpoisson.fr\\\/#organization\",\"name\":\"Mon Poisson\",\"url\":\"https:\\\/\\\/monpoisson.fr\\\/\",\"logo\":{\"@type\":\"ImageObject\",\"inLanguage\":\"fr-FR\",\"@id\":\"https:\\\/\\\/monpoisson.fr\\\/#\\\/schema\\\/logo\\\/image\\\/\",\"url\":\"https:\\\/\\\/monpoisson.fr\\\/wp-content\\\/uploads\\\/2024\\\/09\\\/cropped-cropped-Design-sans-titre-1.webp\",\"contentUrl\":\"https:\\\/\\\/monpoisson.fr\\\/wp-content\\\/uploads\\\/2024\\\/09\\\/cropped-cropped-Design-sans-titre-1.webp\",\"width\":512,\"height\":205,\"caption\":\"Mon Poisson\"},\"image\":{\"@id\":\"https:\\\/\\\/monpoisson.fr\\\/#\\\/schema\\\/logo\\\/image\\\/\"},\"sameAs\":[\"https:\\\/\\\/www.facebook.com\\\/pecheriescotinierecotiniere?locale=fr_FR\"]}]}<\/script>\n<!-- \/ Yoast SEO plugin. -->","yoast_head_json":{"title":"Rillettes de Maigre au Citron Confit","description":"Laissez-vous tenter par nos Rillettes de Maigre au Citron Confit, un mariage d\u00e9licat entre la finesse du maigre et la fra\u00eecheur acidul\u00e9e du citron confit.","robots":{"index":"index","follow":"follow","max-snippet":"max-snippet:-1","max-image-preview":"max-image-preview:large","max-video-preview":"max-video-preview:-1"},"canonical":"https:\/\/monpoisson.fr\/index.php\/produit\/rillettes-de-maigre-au-citron-confit\/","og_locale":"fr_FR","og_type":"article","og_title":"Rillettes de Maigre au Citron Confit","og_description":"Laissez-vous tenter par nos Rillettes de Maigre au Citron Confit, un mariage d\u00e9licat entre la finesse du maigre et la fra\u00eecheur acidul\u00e9e du citron confit.","og_url":"https:\/\/monpoisson.fr\/index.php\/produit\/rillettes-de-maigre-au-citron-confit\/","og_site_name":"Mon Poisson","article_publisher":"https:\/\/www.facebook.com\/pecheriescotinierecotiniere?locale=fr_FR","article_modified_time":"2025-02-10T15:09:16+00:00","og_image":[{"url":"https:\/\/monpoisson.fr\/wp-content\/uploads\/2024\/12\/IMG_2771.jpg","width":880,"height":1024,"type":"image\/jpeg"}],"twitter_card":"summary_large_image","twitter_misc":{"Dur\u00e9e de lecture estim\u00e9e":"1 minute"},"schema":{"@context":"https:\/\/schema.org","@graph":[{"@type":"WebPage","@id":"https:\/\/monpoisson.fr\/index.php\/produit\/rillettes-de-maigre-au-citron-confit\/","url":"https:\/\/monpoisson.fr\/index.php\/produit\/rillettes-de-maigre-au-citron-confit\/","name":"Rillettes de Maigre au Citron Confit","isPartOf":{"@id":"https:\/\/monpoisson.fr\/#website"},"primaryImageOfPage":{"@id":"https:\/\/monpoisson.fr\/index.php\/produit\/rillettes-de-maigre-au-citron-confit\/#primaryimage"},"image":{"@id":"https:\/\/monpoisson.fr\/index.php\/produit\/rillettes-de-maigre-au-citron-confit\/#primaryimage"},"thumbnailUrl":"https:\/\/monpoisson.fr\/wp-content\/uploads\/2024\/12\/IMG_2771.jpg","datePublished":"2024-12-27T15:02:22+00:00","dateModified":"2025-02-10T15:09:16+00:00","description":"Laissez-vous tenter par nos Rillettes de Maigre au Citron Confit, un mariage d\u00e9licat entre la finesse du maigre et la fra\u00eecheur acidul\u00e9e du citron confit.","breadcrumb":{"@id":"https:\/\/monpoisson.fr\/index.php\/produit\/rillettes-de-maigre-au-citron-confit\/#breadcrumb"},"inLanguage":"fr-FR","potentialAction":[{"@type":"ReadAction","target":["https:\/\/monpoisson.fr\/index.php\/produit\/rillettes-de-maigre-au-citron-confit\/"]}]},{"@type":"ImageObject","inLanguage":"fr-FR","@id":"https:\/\/monpoisson.fr\/index.php\/produit\/rillettes-de-maigre-au-citron-confit\/#primaryimage","url":"https:\/\/monpoisson.fr\/wp-content\/uploads\/2024\/12\/IMG_2771.jpg","contentUrl":"https:\/\/monpoisson.fr\/wp-content\/uploads\/2024\/12\/IMG_2771.jpg","width":2813,"height":3272,"caption":"Rillettes de Maigre au Citron confit"},{"@type":"BreadcrumbList","@id":"https:\/\/monpoisson.fr\/index.php\/produit\/rillettes-de-maigre-au-citron-confit\/#breadcrumb","itemListElement":[{"@type":"ListItem","position":1,"name":"Accueil","item":"https:\/\/monpoisson.fr\/"},{"@type":"ListItem","position":2,"name":"Boutique","item":"https:\/\/monpoisson.fr\/index.php\/boutique\/"},{"@type":"ListItem","position":3,"name":"Rillettes de Maigre au Citron Confit &#8211; Les 100 g"}]},{"@type":"WebSite","@id":"https:\/\/monpoisson.fr\/#website","url":"https:\/\/monpoisson.fr\/","name":"Mon Poisson","description":"","publisher":{"@id":"https:\/\/monpoisson.fr\/#organization"},"potentialAction":[{"@type":"SearchAction","target":{"@type":"EntryPoint","urlTemplate":"https:\/\/monpoisson.fr\/?s={search_term_string}"},"query-input":{"@type":"PropertyValueSpecification","valueRequired":true,"valueName":"search_term_string"}}],"inLanguage":"fr-FR"},{"@type":"Organization","@id":"https:\/\/monpoisson.fr\/#organization","name":"Mon Poisson","url":"https:\/\/monpoisson.fr\/","logo":{"@type":"ImageObject","inLanguage":"fr-FR","@id":"https:\/\/monpoisson.fr\/#\/schema\/logo\/image\/","url":"https:\/\/monpoisson.fr\/wp-content\/uploads\/2024\/09\/cropped-cropped-Design-sans-titre-1.webp","contentUrl":"https:\/\/monpoisson.fr\/wp-content\/uploads\/2024\/09\/cropped-cropped-Design-sans-titre-1.webp","width":512,"height":205,"caption":"Mon Poisson"},"image":{"@id":"https:\/\/monpoisson.fr\/#\/schema\/logo\/image\/"},"sameAs":["https:\/\/www.facebook.com\/pecheriescotinierecotiniere?locale=fr_FR"]}]}},"uagb_featured_image_src":{"full":["https:\/\/monpoisson.fr\/wp-content\/uploads\/2024\/12\/IMG_2771.jpg",2813,3272,false],"thumbnail":["https:\/\/monpoisson.fr\/wp-content\/uploads\/2024\/12\/IMG_2771.jpg",129,150,false],"medium":["https:\/\/monpoisson.fr\/wp-content\/uploads\/2024\/12\/IMG_2771-258x300.jpg",258,300,true],"medium_large":["https:\/\/monpoisson.fr\/wp-content\/uploads\/2024\/12\/IMG_2771.jpg",768,893,false],"large":["https:\/\/monpoisson.fr\/wp-content\/uploads\/2024\/12\/IMG_2771.jpg",880,1024,false],"1536x1536":["https:\/\/monpoisson.fr\/wp-content\/uploads\/2024\/12\/IMG_2771.jpg",1321,1536,false],"2048x2048":["https:\/\/monpoisson.fr\/wp-content\/uploads\/2024\/12\/IMG_2771.jpg",1761,2048,false],"woocommerce_thumbnail":["https:\/\/monpoisson.fr\/wp-content\/uploads\/2024\/12\/IMG_2771-300x300.jpg",300,300,true],"woocommerce_single":["https:\/\/monpoisson.fr\/wp-content\/uploads\/2024\/12\/IMG_2771.jpg",600,698,false],"woocommerce_gallery_thumbnail":["https:\/\/monpoisson.fr\/wp-content\/uploads\/2024\/12\/IMG_2771-100x100.jpg",100,100,true]},"uagb_author_info":{"display_name":"Lola","author_link":"https:\/\/monpoisson.fr\/index.php\/author\/"},"uagb_comment_info":0,"uagb_excerpt":"Laissez-vous tenter par nos Rillettes de Maigre au Citron Confit, un mariage d\u00e9licat entre la finesse du maigre et la fra\u00eecheur acidul\u00e9e du citron confit.","_links":{"self":[{"href":"https:\/\/monpoisson.fr\/index.php\/wp-json\/wp\/v2\/product\/532","targetHints":{"allow":["GET"]}}],"collection":[{"href":"https:\/\/monpoisson.fr\/index.php\/wp-json\/wp\/v2\/product"}],"about":[{"href":"https:\/\/monpoisson.fr\/index.php\/wp-json\/wp\/v2\/types\/product"}],"version-history":[{"count":9,"href":"https:\/\/monpoisson.fr\/index.php\/wp-json\/wp\/v2\/product\/532\/revisions"}],"predecessor-version":[{"id":809,"href":"https:\/\/monpoisson.fr\/index.php\/wp-json\/wp\/v2\/product\/532\/revisions\/809"}],"wp:featuredmedia":[{"embeddable":true,"href":"https:\/\/monpoisson.fr\/index.php\/wp-json\/wp\/v2\/media\/749"}],"wp:attachment":[{"href":"https:\/\/monpoisson.fr\/index.php\/wp-json\/wp\/v2\/media?parent=532"}],"wp:term":[{"taxonomy":"product_brand","embeddable":true,"href":"https:\/\/monpoisson.fr\/index.php\/wp-json\/wp\/v2\/product_brand?post=532"},{"taxonomy":"product_cat","embeddable":true,"href":"https:\/\/monpoisson.fr\/index.php\/wp-json\/wp\/v2\/product_cat?post=532"},{"taxonomy":"product_tag","embeddable":true,"href":"https:\/\/monpoisson.fr\/index.php\/wp-json\/wp\/v2\/product_tag?post=532"}],"curies":[{"name":"wp","href":"https:\/\/api.w.org\/{rel}","templated":true}]}}