{"id":512,"date":"2024-12-27T15:24:51","date_gmt":"2024-12-27T14:24:51","guid":{"rendered":"https:\/\/monpoisson.fr\/?post_type=product&#038;p=512"},"modified":"2026-03-20T09:58:07","modified_gmt":"2026-03-20T08:58:07","slug":"coquilles-saint-jacques","status":"publish","type":"product","link":"https:\/\/monpoisson.fr\/index.php\/produit\/coquilles-saint-jacques\/","title":{"rendered":"Coquilles Saint-Jacques \u00e0 la Bretonne &#8211; La part"},"content":{"rendered":"\t\t<div data-elementor-type=\"wp-post\" data-elementor-id=\"512\" class=\"elementor elementor-512\">\n\t\t\t\t<div class=\"elementor-element elementor-element-5c208736 e-flex e-con-boxed e-con e-parent\" data-id=\"5c208736\" data-element_type=\"container\" data-e-type=\"container\">\n\t\t\t\t\t<div class=\"e-con-inner\">\n\t\t\t\t<div class=\"elementor-element elementor-element-7a1fb4f9 elementor-widget elementor-widget-text-editor\" data-id=\"7a1fb4f9\" data-element_type=\"widget\" data-e-type=\"widget\" data-widget_type=\"text-editor.default\">\n\t\t\t\t\t\t\t\t\t<h3><strong>Coquilles Saint-Jacques \u00e0 la Bretonne &#8211; 6,99 \u20ac la part<\/strong><\/h3>\n<p><span style=\"text-align: var(--text-align);\">Laissez-vous s\u00e9duire par nos Coquilles Saint-Jacques \u00e0 la Bretonne, o\u00f9 la tendresse des noix de Saint-Jacques se marie \u00e0 une onctueuse sauce \u00e0 la bretonne, relev\u00e9e d&rsquo;une pointe de muscade et gratin\u00e9e \u00e0 la perfection.<\/span><\/p>\n<p><u style=\"font-size: 18px; letter-spacing: 0.2px; text-align: var(--text-align);\">Ingr\u00e9dients<\/u><span style=\"font-size: 18px; letter-spacing: 0.2px; text-align: var(--text-align);\"> : <\/span><span style=\"font-size: 18px; letter-spacing: 0.2px; text-align: var(--text-align); font-weight: bold;\">Lait,<\/span>&nbsp;<span style=\"font-size: 18px; letter-spacing: 0.2px;\"><b>Noix de Saint Jacques, <\/b>Ail,<b> Beurre, Champignons de Paris<\/b>,<b> Farine, <\/b>\u00c9chalote,<b> Vin Blanc, <\/b>Persil,<b> Moules, <\/b>Jus de citron,<b> Chapelure<\/b><\/span><\/p>\n<h3 style=\"font-size: 18px; line-height: 29px; color: #000000; letter-spacing: 0.2px;\" data-elementor-setting-key=\"title\" data-pen-placeholder=\"\u00c9crivez ici...\"><u>Allerg\u00e8nes<\/u> : <span style=\"font-weight: bold;\">Lait, Fruits \u00e0 Coques, Gluten, Soja, Lupin, S\u00e9same, Oeufs, Moutardes, Mollusques, Sulfites<\/span><\/h3>\n<div><br><\/div>\n<h3><b>Valeurs nutritionnelles :<\/b><\/h3>\n<div><strong>&nbsp;<\/strong><\/div>\n<div><table border=\"0\" cellpadding=\"0\" cellspacing=\"0\" width=\"400\" style=\"border-collapse: collapse; width: 300pt;\"><colgroup><col width=\"212\" style=\"width: 159pt;\"><col width=\"188\" style=\"width: 141pt;\"><\/colgroup><tbody><tr height=\"20\" style=\"height: 15pt;\"><td height=\"20\" width=\"212\" style=\"padding-top: 1px; padding-right: 1px; padding-left: 1px; color: red; font-size: 11pt; font-family: Calibri, sans-serif; vertical-align: middle; border: 0.5pt solid windowtext; text-wrap-mode: nowrap; text-align: center; height: 15pt; width: 159pt;\">part de 250 grs&nbsp;<\/td><td width=\"188\" style=\"padding-top: 1px; padding-right: 1px; padding-left: 1px; font-size: 11pt; font-family: Calibri, sans-serif; vertical-align: middle; border-top: 0.5pt solid windowtext; border-right: 0.5pt solid windowtext; border-bottom: 0.5pt solid windowtext; border-left: none; border-image: initial; text-wrap-mode: nowrap; text-align: center; width: 141pt;\">Moy. 100 grs<\/td><\/tr><tr height=\"20\" style=\"height: 15pt;\"><td height=\"20\" style=\"padding-top: 1px; padding-right: 1px; padding-left: 1px; font-size: 11pt; font-family: Calibri, sans-serif; vertical-align: middle; border-top: none; border-right: 0.5pt solid windowtext; border-bottom: 0.5pt solid windowtext; border-left: 0.5pt solid windowtext; border-image: initial; text-wrap-mode: nowrap; text-align: center; height: 15pt;\">Energie (kcal)<\/td><td style=\"padding-top: 1px; padding-right: 1px; padding-left: 1px; font-size: 11pt; font-family: Calibri, sans-serif; vertical-align: middle; border-top: none; border-right: 0.5pt solid windowtext; border-bottom: 0.5pt solid windowtext; border-left: none; border-image: initial; text-wrap-mode: nowrap; text-align: center;\">&nbsp;183.52<\/td><\/tr><tr height=\"20\" style=\"height: 15pt;\"><td height=\"20\" style=\"padding-top: 1px; padding-right: 1px; padding-left: 1px; font-size: 11pt; font-family: Calibri, sans-serif; vertical-align: middle; border-top: none; border-right: 0.5pt solid windowtext; border-bottom: 0.5pt solid windowtext; border-left: 0.5pt solid windowtext; border-image: initial; text-wrap-mode: nowrap; text-align: center; height: 15pt;\">Energie (kJ)<\/td><td style=\"padding-top: 1px; padding-right: 1px; padding-left: 1px; font-size: 11pt; font-family: Calibri, sans-serif; vertical-align: middle; border-top: none; border-right: 0.5pt solid windowtext; border-bottom: 0.5pt solid windowtext; border-left: none; border-image: initial; text-wrap-mode: nowrap; text-align: center;\">&nbsp;765.83<\/td><\/tr><tr height=\"20\" style=\"height: 15pt;\"><td height=\"20\" style=\"padding-top: 1px; padding-right: 1px; padding-left: 1px; font-size: 11pt; font-family: Calibri, sans-serif; vertical-align: middle; border-top: none; border-right: 0.5pt solid windowtext; border-bottom: 0.5pt solid windowtext; border-left: 0.5pt solid windowtext; border-image: initial; text-wrap-mode: nowrap; text-align: center; height: 15pt;\">Mati\u00e8res grasses (g)<\/td><td style=\"padding-top: 1px; padding-right: 1px; padding-left: 1px; font-size: 11pt; font-family: Calibri, sans-serif; vertical-align: middle; border-top: none; border-right: 0.5pt solid windowtext; border-bottom: 0.5pt solid windowtext; border-left: none; border-image: initial; text-wrap-mode: nowrap; text-align: center;\">&nbsp;10.67<\/td><\/tr><tr height=\"20\" style=\"height: 15pt;\"><td height=\"20\" style=\"padding-top: 1px; padding-right: 1px; padding-left: 1px; font-size: 11pt; font-family: Calibri, sans-serif; vertical-align: middle; border-top: none; border-right: 0.5pt solid windowtext; border-bottom: 0.5pt solid windowtext; border-left: 0.5pt solid windowtext; border-image: initial; text-wrap-mode: nowrap; text-align: center; height: 15pt;\">AG satur\u00e9s (g)<\/td><td style=\"padding-top: 1px; padding-right: 1px; padding-left: 1px; font-size: 11pt; font-family: Calibri, sans-serif; vertical-align: middle; border-top: none; border-right: 0.5pt solid windowtext; border-bottom: 0.5pt solid windowtext; border-left: none; border-image: initial; text-wrap-mode: nowrap; text-align: center;\">&nbsp;6.74<\/td><\/tr><tr height=\"20\" style=\"height: 15pt;\"><td height=\"20\" style=\"padding-top: 1px; padding-right: 1px; padding-left: 1px; font-size: 11pt; font-family: Calibri, sans-serif; vertical-align: middle; border-top: none; border-right: 0.5pt solid windowtext; border-bottom: 0.5pt solid windowtext; border-left: 0.5pt solid windowtext; border-image: initial; text-wrap-mode: nowrap; text-align: center; height: 15pt;\">Glucides (g)<\/td><td style=\"padding-top: 1px; padding-right: 1px; padding-left: 1px; font-size: 11pt; font-family: Calibri, sans-serif; vertical-align: middle; border-top: none; border-right: 0.5pt solid windowtext; border-bottom: 0.5pt solid windowtext; border-left: none; border-image: initial; text-wrap-mode: nowrap; text-align: center;\">&nbsp;14.24<\/td><\/tr><tr height=\"20\" style=\"height: 15pt;\"><td height=\"20\" style=\"padding-top: 1px; padding-right: 1px; padding-left: 1px; font-size: 11pt; font-family: Calibri, sans-serif; vertical-align: middle; border-top: none; border-right: 0.5pt solid windowtext; border-bottom: 0.5pt solid windowtext; border-left: 0.5pt solid windowtext; border-image: initial; text-wrap-mode: nowrap; text-align: center; height: 15pt;\">Sucres (g)<\/td><td style=\"padding-top: 1px; padding-right: 1px; padding-left: 1px; font-size: 11pt; font-family: Calibri, sans-serif; vertical-align: middle; border-top: none; border-right: 0.5pt solid windowtext; border-bottom: 0.5pt solid windowtext; border-left: none; border-image: initial; text-wrap-mode: nowrap; text-align: center;\">&nbsp;3.2<\/td><\/tr><tr height=\"20\" style=\"height: 15pt;\"><td height=\"20\" style=\"padding-top: 1px; padding-right: 1px; padding-left: 1px; font-size: 11pt; font-family: Calibri, sans-serif; vertical-align: middle; border-top: none; border-right: 0.5pt solid windowtext; border-bottom: 0.5pt solid windowtext; border-left: 0.5pt solid windowtext; border-image: initial; text-wrap-mode: nowrap; text-align: center; height: 15pt;\">Prot\u00e9ines (g)<\/td><td style=\"padding-top: 1px; padding-right: 1px; padding-left: 1px; font-size: 11pt; font-family: Calibri, sans-serif; vertical-align: middle; border-top: none; border-right: 0.5pt solid windowtext; border-bottom: 0.5pt solid windowtext; border-left: none; border-image: initial; text-wrap-mode: nowrap; text-align: center;\">&lt; 9.66<\/td><\/tr><tr height=\"20\" style=\"height: 15pt;\"><td height=\"20\" style=\"padding-top: 1px; padding-right: 1px; padding-left: 1px; font-size: 11pt; font-family: Calibri, sans-serif; vertical-align: middle; border-top: none; border-right: 0.5pt solid windowtext; border-bottom: 0.5pt solid windowtext; border-left: 0.5pt solid windowtext; border-image: initial; text-wrap-mode: nowrap; text-align: center; height: 15pt;\">Sel (g)<\/td><td style=\"padding-top: 1px; padding-right: 1px; padding-left: 1px; font-size: 11pt; font-family: Calibri, sans-serif; vertical-align: middle; border-top: none; border-right: 0.5pt solid windowtext; border-bottom: 0.5pt solid windowtext; border-left: none; border-image: initial; text-wrap-mode: nowrap; text-align: center;\">&lt; 0.47<\/td><\/tr><tr height=\"20\" style=\"height: 15pt;\"><td height=\"20\" style=\"padding-top: 1px; padding-right: 1px; padding-left: 1px; font-size: 11pt; font-family: Calibri, sans-serif; vertical-align: middle; border-top: none; border-right: 0.5pt solid windowtext; border-bottom: 0.5pt solid windowtext; border-left: 0.5pt solid windowtext; border-image: initial; text-wrap-mode: nowrap; text-align: center; height: 15pt;\">Fibres (g)<\/td><td style=\"padding-top: 1px; padding-right: 1px; padding-left: 1px; font-size: 11pt; font-family: Calibri, sans-serif; vertical-align: middle; border-top: none; border-right: 0.5pt solid windowtext; border-bottom: 0.5pt solid windowtext; border-left: none; border-image: initial; text-wrap-mode: nowrap; text-align: center;\">&nbsp;2.1<\/td><\/tr><\/tbody><\/table>\n<\/div>\t\t\t\t\t\t\t\t<\/div>\n\t\t\t\t\t<\/div>\n\t\t\t\t<\/div>\n\t\t\t\t<\/div>\n\t\t","protected":false},"excerpt":{"rendered":"<p>Laissez-vous s\u00e9duire par nos Coquilles Saint-Jacques \u00e0 la Bretonne, o\u00f9 la tendresse des noix de Saint-Jacques se marie \u00e0 une onctueuse sauce \u00e0 la bretonne, relev\u00e9e d&rsquo;une pointe de muscade et gratin\u00e9e \u00e0 la perfection.<\/p>\n","protected":false},"featured_media":766,"template":"","meta":{"_uag_custom_page_level_css":"","site-sidebar-layout":"default","site-content-layout":"","ast-site-content-layout":"default","site-content-style":"default","site-sidebar-style":"default","ast-global-header-display":"","ast-banner-title-visibility":"","ast-main-header-display":"","ast-hfb-above-header-display":"","ast-hfb-below-header-display":"","ast-hfb-mobile-header-display":"","site-post-title":"","ast-breadcrumbs-content":"","ast-featured-img":"","footer-sml-layout":"","ast-disable-related-posts":"","theme-transparent-header-meta":"default","adv-header-id-meta":"","stick-header-meta":"","header-above-stick-meta":"","header-main-stick-meta":"","header-below-stick-meta":"","astra-migrate-meta-layouts":"set","ast-page-background-enabled":"default","ast-page-background-meta":{"desktop":{"background-color":"var(--ast-global-color-4)","background-image":"","background-repeat":"repeat","background-position":"center center","background-size":"auto","background-attachment":"scroll","background-type":"","background-media":"","overlay-type":"","overlay-color":"","overlay-opacity":"","overlay-gradient":""},"tablet":{"background-color":"","background-image":"","background-repeat":"repeat","background-position":"center center","background-size":"auto","background-attachment":"scroll","background-type":"","background-media":"","overlay-type":"","overlay-color":"","overlay-opacity":"","overlay-gradient":""},"mobile":{"background-color":"","background-image":"","background-repeat":"repeat","background-position":"center center","background-size":"auto","background-attachment":"scroll","background-type":"","background-media":"","overlay-type":"","overlay-color":"","overlay-opacity":"","overlay-gradient":""}},"ast-content-background-meta":{"desktop":{"background-color":"var(--ast-global-color-5)","background-image":"","background-repeat":"repeat","background-position":"center center","background-size":"auto","background-attachment":"scroll","background-type":"","background-media":"","overlay-type":"","overlay-color":"","overlay-opacity":"","overlay-gradient":""},"tablet":{"background-color":"var(--ast-global-color-5)","background-image":"","background-repeat":"repeat","background-position":"center center","background-size":"auto","background-attachment":"scroll","background-type":"","background-media":"","overlay-type":"","overlay-color":"","overlay-opacity":"","overlay-gradient":""},"mobile":{"background-color":"var(--ast-global-color-5)","background-image":"","background-repeat":"repeat","background-position":"center center","background-size":"auto","background-attachment":"scroll","background-type":"","background-media":"","overlay-type":"","overlay-color":"","overlay-opacity":"","overlay-gradient":""}}},"product_brand":[],"product_cat":[18],"product_tag":[],"class_list":{"0":"post-512","1":"product","2":"type-product","3":"status-publish","4":"has-post-thumbnail","6":"product_cat-traiteur","7":"desktop-align-left","8":"tablet-align-left","9":"mobile-align-left","11":"first","12":"instock","13":"shipping-taxable","14":"purchasable","15":"product-type-simple"},"yoast_head":"<!-- This site is optimized with the Yoast SEO plugin v27.5 - https:\/\/yoast.com\/product\/yoast-seo-wordpress\/ -->\n<title>Coquilles Saint-Jacques<\/title>\n<meta name=\"description\" content=\"Laissez-vous s\u00e9duire par nos Coquilles Saint-Jacques \u00e0 la Bretonne, o\u00f9 la tendresse des noix de Saint-Jacques se marie \u00e0 une onctueuse sauce \u00e0 la bretonne.\" \/>\n<meta name=\"robots\" content=\"index, follow, max-snippet:-1, max-image-preview:large, max-video-preview:-1\" \/>\n<link rel=\"canonical\" href=\"https:\/\/monpoisson.fr\/index.php\/produit\/coquilles-saint-jacques\/\" \/>\n<meta property=\"og:locale\" content=\"fr_FR\" \/>\n<meta property=\"og:type\" content=\"article\" \/>\n<meta property=\"og:title\" content=\"Coquilles Saint-Jacques\" \/>\n<meta property=\"og:description\" content=\"Laissez-vous s\u00e9duire par nos Coquilles Saint-Jacques \u00e0 la Bretonne, o\u00f9 la tendresse des noix de Saint-Jacques se marie \u00e0 une onctueuse sauce \u00e0 la bretonne.\" \/>\n<meta property=\"og:url\" content=\"https:\/\/monpoisson.fr\/index.php\/produit\/coquilles-saint-jacques\/\" \/>\n<meta property=\"og:site_name\" content=\"Mon Poisson\" \/>\n<meta property=\"article:publisher\" content=\"https:\/\/www.facebook.com\/pecheriescotinierecotiniere?locale=fr_FR\" \/>\n<meta property=\"article:modified_time\" content=\"2026-03-20T08:58:07+00:00\" \/>\n<meta property=\"og:image\" content=\"https:\/\/monpoisson.fr\/wp-content\/uploads\/2024\/12\/IMG_2881.jpg\" \/>\n\t<meta property=\"og:image:width\" content=\"1746\" \/>\n\t<meta property=\"og:image:height\" content=\"1855\" \/>\n\t<meta property=\"og:image:type\" content=\"image\/jpeg\" \/>\n<meta name=\"twitter:card\" content=\"summary_large_image\" \/>\n<meta name=\"twitter:label1\" content=\"Dur\u00e9e de lecture estim\u00e9e\" \/>\n\t<meta name=\"twitter:data1\" content=\"1 minute\" \/>\n<script type=\"application\/ld+json\" class=\"yoast-schema-graph\">{\"@context\":\"https:\\\/\\\/schema.org\",\"@graph\":[{\"@type\":\"WebPage\",\"@id\":\"https:\\\/\\\/monpoisson.fr\\\/index.php\\\/produit\\\/coquilles-saint-jacques\\\/\",\"url\":\"https:\\\/\\\/monpoisson.fr\\\/index.php\\\/produit\\\/coquilles-saint-jacques\\\/\",\"name\":\"Coquilles Saint-Jacques\",\"isPartOf\":{\"@id\":\"https:\\\/\\\/monpoisson.fr\\\/#website\"},\"primaryImageOfPage\":{\"@id\":\"https:\\\/\\\/monpoisson.fr\\\/index.php\\\/produit\\\/coquilles-saint-jacques\\\/#primaryimage\"},\"image\":{\"@id\":\"https:\\\/\\\/monpoisson.fr\\\/index.php\\\/produit\\\/coquilles-saint-jacques\\\/#primaryimage\"},\"thumbnailUrl\":\"https:\\\/\\\/monpoisson.fr\\\/wp-content\\\/uploads\\\/2024\\\/12\\\/IMG_2881.jpg\",\"datePublished\":\"2024-12-27T14:24:51+00:00\",\"dateModified\":\"2026-03-20T08:58:07+00:00\",\"description\":\"Laissez-vous s\u00e9duire par nos Coquilles Saint-Jacques \u00e0 la Bretonne, o\u00f9 la tendresse des noix de Saint-Jacques se marie \u00e0 une onctueuse sauce \u00e0 la bretonne.\",\"breadcrumb\":{\"@id\":\"https:\\\/\\\/monpoisson.fr\\\/index.php\\\/produit\\\/coquilles-saint-jacques\\\/#breadcrumb\"},\"inLanguage\":\"fr-FR\",\"potentialAction\":[{\"@type\":\"ReadAction\",\"target\":[\"https:\\\/\\\/monpoisson.fr\\\/index.php\\\/produit\\\/coquilles-saint-jacques\\\/\"]}]},{\"@type\":\"ImageObject\",\"inLanguage\":\"fr-FR\",\"@id\":\"https:\\\/\\\/monpoisson.fr\\\/index.php\\\/produit\\\/coquilles-saint-jacques\\\/#primaryimage\",\"url\":\"https:\\\/\\\/monpoisson.fr\\\/wp-content\\\/uploads\\\/2024\\\/12\\\/IMG_2881.jpg\",\"contentUrl\":\"https:\\\/\\\/monpoisson.fr\\\/wp-content\\\/uploads\\\/2024\\\/12\\\/IMG_2881.jpg\",\"width\":1746,\"height\":1855,\"caption\":\"Coquille Saint-Jacques \u00e0 la Bretonne\"},{\"@type\":\"BreadcrumbList\",\"@id\":\"https:\\\/\\\/monpoisson.fr\\\/index.php\\\/produit\\\/coquilles-saint-jacques\\\/#breadcrumb\",\"itemListElement\":[{\"@type\":\"ListItem\",\"position\":1,\"name\":\"Accueil\",\"item\":\"https:\\\/\\\/monpoisson.fr\\\/\"},{\"@type\":\"ListItem\",\"position\":2,\"name\":\"Boutique\",\"item\":\"https:\\\/\\\/monpoisson.fr\\\/index.php\\\/boutique\\\/\"},{\"@type\":\"ListItem\",\"position\":3,\"name\":\"Coquilles Saint-Jacques \u00e0 la Bretonne &#8211; La part\"}]},{\"@type\":\"WebSite\",\"@id\":\"https:\\\/\\\/monpoisson.fr\\\/#website\",\"url\":\"https:\\\/\\\/monpoisson.fr\\\/\",\"name\":\"Mon Poisson\",\"description\":\"\",\"publisher\":{\"@id\":\"https:\\\/\\\/monpoisson.fr\\\/#organization\"},\"potentialAction\":[{\"@type\":\"SearchAction\",\"target\":{\"@type\":\"EntryPoint\",\"urlTemplate\":\"https:\\\/\\\/monpoisson.fr\\\/?s={search_term_string}\"},\"query-input\":{\"@type\":\"PropertyValueSpecification\",\"valueRequired\":true,\"valueName\":\"search_term_string\"}}],\"inLanguage\":\"fr-FR\"},{\"@type\":\"Organization\",\"@id\":\"https:\\\/\\\/monpoisson.fr\\\/#organization\",\"name\":\"Mon Poisson\",\"url\":\"https:\\\/\\\/monpoisson.fr\\\/\",\"logo\":{\"@type\":\"ImageObject\",\"inLanguage\":\"fr-FR\",\"@id\":\"https:\\\/\\\/monpoisson.fr\\\/#\\\/schema\\\/logo\\\/image\\\/\",\"url\":\"https:\\\/\\\/monpoisson.fr\\\/wp-content\\\/uploads\\\/2024\\\/09\\\/cropped-cropped-Design-sans-titre-1.webp\",\"contentUrl\":\"https:\\\/\\\/monpoisson.fr\\\/wp-content\\\/uploads\\\/2024\\\/09\\\/cropped-cropped-Design-sans-titre-1.webp\",\"width\":512,\"height\":205,\"caption\":\"Mon Poisson\"},\"image\":{\"@id\":\"https:\\\/\\\/monpoisson.fr\\\/#\\\/schema\\\/logo\\\/image\\\/\"},\"sameAs\":[\"https:\\\/\\\/www.facebook.com\\\/pecheriescotinierecotiniere?locale=fr_FR\"]}]}<\/script>\n<!-- \/ Yoast SEO plugin. -->","yoast_head_json":{"title":"Coquilles Saint-Jacques","description":"Laissez-vous s\u00e9duire par nos Coquilles Saint-Jacques \u00e0 la Bretonne, o\u00f9 la tendresse des noix de Saint-Jacques se marie \u00e0 une onctueuse sauce \u00e0 la bretonne.","robots":{"index":"index","follow":"follow","max-snippet":"max-snippet:-1","max-image-preview":"max-image-preview:large","max-video-preview":"max-video-preview:-1"},"canonical":"https:\/\/monpoisson.fr\/index.php\/produit\/coquilles-saint-jacques\/","og_locale":"fr_FR","og_type":"article","og_title":"Coquilles Saint-Jacques","og_description":"Laissez-vous s\u00e9duire par nos Coquilles Saint-Jacques \u00e0 la Bretonne, o\u00f9 la tendresse des noix de Saint-Jacques se marie \u00e0 une onctueuse sauce \u00e0 la bretonne.","og_url":"https:\/\/monpoisson.fr\/index.php\/produit\/coquilles-saint-jacques\/","og_site_name":"Mon Poisson","article_publisher":"https:\/\/www.facebook.com\/pecheriescotinierecotiniere?locale=fr_FR","article_modified_time":"2026-03-20T08:58:07+00:00","og_image":[{"width":1746,"height":1855,"url":"https:\/\/monpoisson.fr\/wp-content\/uploads\/2024\/12\/IMG_2881.jpg","type":"image\/jpeg"}],"twitter_card":"summary_large_image","twitter_misc":{"Dur\u00e9e de lecture estim\u00e9e":"1 minute"},"schema":{"@context":"https:\/\/schema.org","@graph":[{"@type":"WebPage","@id":"https:\/\/monpoisson.fr\/index.php\/produit\/coquilles-saint-jacques\/","url":"https:\/\/monpoisson.fr\/index.php\/produit\/coquilles-saint-jacques\/","name":"Coquilles Saint-Jacques","isPartOf":{"@id":"https:\/\/monpoisson.fr\/#website"},"primaryImageOfPage":{"@id":"https:\/\/monpoisson.fr\/index.php\/produit\/coquilles-saint-jacques\/#primaryimage"},"image":{"@id":"https:\/\/monpoisson.fr\/index.php\/produit\/coquilles-saint-jacques\/#primaryimage"},"thumbnailUrl":"https:\/\/monpoisson.fr\/wp-content\/uploads\/2024\/12\/IMG_2881.jpg","datePublished":"2024-12-27T14:24:51+00:00","dateModified":"2026-03-20T08:58:07+00:00","description":"Laissez-vous s\u00e9duire par nos Coquilles Saint-Jacques \u00e0 la Bretonne, o\u00f9 la tendresse des noix de Saint-Jacques se marie \u00e0 une onctueuse sauce \u00e0 la bretonne.","breadcrumb":{"@id":"https:\/\/monpoisson.fr\/index.php\/produit\/coquilles-saint-jacques\/#breadcrumb"},"inLanguage":"fr-FR","potentialAction":[{"@type":"ReadAction","target":["https:\/\/monpoisson.fr\/index.php\/produit\/coquilles-saint-jacques\/"]}]},{"@type":"ImageObject","inLanguage":"fr-FR","@id":"https:\/\/monpoisson.fr\/index.php\/produit\/coquilles-saint-jacques\/#primaryimage","url":"https:\/\/monpoisson.fr\/wp-content\/uploads\/2024\/12\/IMG_2881.jpg","contentUrl":"https:\/\/monpoisson.fr\/wp-content\/uploads\/2024\/12\/IMG_2881.jpg","width":1746,"height":1855,"caption":"Coquille Saint-Jacques \u00e0 la Bretonne"},{"@type":"BreadcrumbList","@id":"https:\/\/monpoisson.fr\/index.php\/produit\/coquilles-saint-jacques\/#breadcrumb","itemListElement":[{"@type":"ListItem","position":1,"name":"Accueil","item":"https:\/\/monpoisson.fr\/"},{"@type":"ListItem","position":2,"name":"Boutique","item":"https:\/\/monpoisson.fr\/index.php\/boutique\/"},{"@type":"ListItem","position":3,"name":"Coquilles Saint-Jacques \u00e0 la Bretonne &#8211; La part"}]},{"@type":"WebSite","@id":"https:\/\/monpoisson.fr\/#website","url":"https:\/\/monpoisson.fr\/","name":"Mon Poisson","description":"","publisher":{"@id":"https:\/\/monpoisson.fr\/#organization"},"potentialAction":[{"@type":"SearchAction","target":{"@type":"EntryPoint","urlTemplate":"https:\/\/monpoisson.fr\/?s={search_term_string}"},"query-input":{"@type":"PropertyValueSpecification","valueRequired":true,"valueName":"search_term_string"}}],"inLanguage":"fr-FR"},{"@type":"Organization","@id":"https:\/\/monpoisson.fr\/#organization","name":"Mon Poisson","url":"https:\/\/monpoisson.fr\/","logo":{"@type":"ImageObject","inLanguage":"fr-FR","@id":"https:\/\/monpoisson.fr\/#\/schema\/logo\/image\/","url":"https:\/\/monpoisson.fr\/wp-content\/uploads\/2024\/09\/cropped-cropped-Design-sans-titre-1.webp","contentUrl":"https:\/\/monpoisson.fr\/wp-content\/uploads\/2024\/09\/cropped-cropped-Design-sans-titre-1.webp","width":512,"height":205,"caption":"Mon Poisson"},"image":{"@id":"https:\/\/monpoisson.fr\/#\/schema\/logo\/image\/"},"sameAs":["https:\/\/www.facebook.com\/pecheriescotinierecotiniere?locale=fr_FR"]}]}},"uagb_featured_image_src":{"full":["https:\/\/monpoisson.fr\/wp-content\/uploads\/2024\/12\/IMG_2881.jpg",1746,1855,false],"thumbnail":["https:\/\/monpoisson.fr\/wp-content\/uploads\/2024\/12\/IMG_2881-150x150.jpg",150,150,true],"medium":["https:\/\/monpoisson.fr\/wp-content\/uploads\/2024\/12\/IMG_2881-282x300.jpg",282,300,true],"medium_large":["https:\/\/monpoisson.fr\/wp-content\/uploads\/2024\/12\/IMG_2881-768x816.jpg",768,816,true],"large":["https:\/\/monpoisson.fr\/wp-content\/uploads\/2024\/12\/IMG_2881-964x1024.jpg",964,1024,true],"1536x1536":["https:\/\/monpoisson.fr\/wp-content\/uploads\/2024\/12\/IMG_2881-1446x1536.jpg",1446,1536,true],"2048x2048":["https:\/\/monpoisson.fr\/wp-content\/uploads\/2024\/12\/IMG_2881.jpg",1746,1855,false],"woocommerce_thumbnail":["https:\/\/monpoisson.fr\/wp-content\/uploads\/2024\/12\/IMG_2881-300x300.jpg",300,300,true],"woocommerce_single":["https:\/\/monpoisson.fr\/wp-content\/uploads\/2024\/12\/IMG_2881-600x637.jpg",600,637,true],"woocommerce_gallery_thumbnail":["https:\/\/monpoisson.fr\/wp-content\/uploads\/2024\/12\/IMG_2881-100x100.jpg",100,100,true]},"uagb_author_info":{"display_name":"Lola","author_link":"https:\/\/monpoisson.fr\/index.php\/author\/"},"uagb_comment_info":0,"uagb_excerpt":"Laissez-vous s\u00e9duire par nos Coquilles Saint-Jacques \u00e0 la Bretonne, o\u00f9 la tendresse des noix de Saint-Jacques se marie \u00e0 une onctueuse sauce \u00e0 la bretonne, relev\u00e9e d'une pointe de muscade et gratin\u00e9e \u00e0 la perfection.","_links":{"self":[{"href":"https:\/\/monpoisson.fr\/index.php\/wp-json\/wp\/v2\/product\/512","targetHints":{"allow":["GET"]}}],"collection":[{"href":"https:\/\/monpoisson.fr\/index.php\/wp-json\/wp\/v2\/product"}],"about":[{"href":"https:\/\/monpoisson.fr\/index.php\/wp-json\/wp\/v2\/types\/product"}],"version-history":[{"count":15,"href":"https:\/\/monpoisson.fr\/index.php\/wp-json\/wp\/v2\/product\/512\/revisions"}],"predecessor-version":[{"id":803,"href":"https:\/\/monpoisson.fr\/index.php\/wp-json\/wp\/v2\/product\/512\/revisions\/803"}],"wp:featuredmedia":[{"embeddable":true,"href":"https:\/\/monpoisson.fr\/index.php\/wp-json\/wp\/v2\/media\/766"}],"wp:attachment":[{"href":"https:\/\/monpoisson.fr\/index.php\/wp-json\/wp\/v2\/media?parent=512"}],"wp:term":[{"taxonomy":"product_brand","embeddable":true,"href":"https:\/\/monpoisson.fr\/index.php\/wp-json\/wp\/v2\/product_brand?post=512"},{"taxonomy":"product_cat","embeddable":true,"href":"https:\/\/monpoisson.fr\/index.php\/wp-json\/wp\/v2\/product_cat?post=512"},{"taxonomy":"product_tag","embeddable":true,"href":"https:\/\/monpoisson.fr\/index.php\/wp-json\/wp\/v2\/product_tag?post=512"}],"curies":[{"name":"wp","href":"https:\/\/api.w.org\/{rel}","templated":true}]}}