{"id":211,"date":"2024-09-20T16:01:11","date_gmt":"2024-09-20T14:01:11","guid":{"rendered":"https:\/\/monpoisson.fr\/?post_type=product&#038;p=211"},"modified":"2026-03-05T16:22:42","modified_gmt":"2026-03-05T15:22:42","slug":"plateaux-de-fruits-de-mer-la-degustation","status":"publish","type":"product","link":"https:\/\/monpoisson.fr\/index.php\/produit\/plateaux-de-fruits-de-mer-la-degustation\/","title":{"rendered":"La D\u00e9gustation"},"content":{"rendered":"\t\t<div data-elementor-type=\"wp-post\" data-elementor-id=\"211\" class=\"elementor elementor-211\">\n\t\t\t\t<div class=\"elementor-element elementor-element-30b2c3c3 e-flex e-con-boxed e-con e-parent\" data-id=\"30b2c3c3\" data-element_type=\"container\" data-e-type=\"container\">\n\t\t\t\t\t<div class=\"e-con-inner\">\n\t\t\t\t<div class=\"elementor-element elementor-element-4bc06c85 elementor-widget elementor-widget-text-editor\" data-id=\"4bc06c85\" data-element_type=\"widget\" data-e-type=\"widget\" data-widget_type=\"text-editor.default\">\n\t\t\t\t\t\t\t\t\t<h4><strong>*Achat minimum pour 2 personnes\u00a0<\/strong><\/h4><p>\u00a0<\/p><h4><strong>Plateaux D\u00e9gustation<\/strong>\u00a0:<\/h4><div>\u00a0<\/div><ul><li><strong>10 Langoustines 30\/40<\/strong>\u00a0<strong>:<\/strong>\u00a0(<em>Nephrops norvegius \/ P\u00caCH\u00c9 EN ATLANTIQUE NORD-EST<\/em>\u00a0 ;\u00a0<em>Chalut<\/em>)<\/li><li><strong>10 Crevettes roses 40\/60 :<\/strong>\u00a0(<em>Pennaeus van \/ \u00c9LEV\u00c9ES EN \u00c9QUATEUR)<\/em><\/li><li><strong>4 Bulots cuits :\u00a0<\/strong><em>(Buccinum undatum \/ P\u00caCH\u00c9 EN ATLANTIQUE NORD-EST ; Casiers)<\/em><\/li><li><strong>50 gr de bigorneaux cuits :\u00a0<\/strong><em>(Littorina littorea \/ P\u00caCH\u00c9 EN ATLANTIQUE NORD-EST ; P\u00eache \u00e0 pied)<\/em><\/li><li><strong>1 pot de Rillettes fra\u00eeche (environs 5O gr)<\/strong><\/li><li><strong>2 Accras\u00a0<\/strong><\/li><li><strong>1 pot d&rsquo;Anchois marin\u00e9s (environs 80 gr)<\/strong><\/li><\/ul>\t\t\t\t\t\t\t\t<\/div>\n\t\t\t\t\t<\/div>\n\t\t\t\t<\/div>\n\t\t\t\t<\/div>\n\t\t","protected":false},"excerpt":{"rendered":"<p>10 Langoustines, 4 Bulots cuits, 50 gr de bigorneaux cuits, 10 Crevettes roses, 1 Pot de Rillettes fra\u00eeche (environs 50 gr), 2 Accras, 1 Pot d&rsquo;Achois marin\u00e9s (environs 80 gr)<strong> &#8211; Commande minimum de 2 PARTS<\/strong><\/p>\n","protected":false},"featured_media":1044,"template":"","meta":{"_uag_custom_page_level_css":"","site-sidebar-layout":"default","site-content-layout":"","ast-site-content-layout":"default","site-content-style":"default","site-sidebar-style":"default","ast-global-header-display":"","ast-banner-title-visibility":"","ast-main-header-display":"","ast-hfb-above-header-display":"","ast-hfb-below-header-display":"","ast-hfb-mobile-header-display":"","site-post-title":"","ast-breadcrumbs-content":"","ast-featured-img":"","footer-sml-layout":"","ast-disable-related-posts":"","theme-transparent-header-meta":"default","adv-header-id-meta":"","stick-header-meta":"","header-above-stick-meta":"","header-main-stick-meta":"","header-below-stick-meta":"","astra-migrate-meta-layouts":"set","ast-page-background-enabled":"default","ast-page-background-meta":{"desktop":{"background-color":"var(--ast-global-color-4)","background-image":"","background-repeat":"repeat","background-position":"center center","background-size":"auto","background-attachment":"scroll","background-type":"","background-media":"","overlay-type":"","overlay-color":"","overlay-opacity":"","overlay-gradient":""},"tablet":{"background-color":"","background-image":"","background-repeat":"repeat","background-position":"center center","background-size":"auto","background-attachment":"scroll","background-type":"","background-media":"","overlay-type":"","overlay-color":"","overlay-opacity":"","overlay-gradient":""},"mobile":{"background-color":"","background-image":"","background-repeat":"repeat","background-position":"center center","background-size":"auto","background-attachment":"scroll","background-type":"","background-media":"","overlay-type":"","overlay-color":"","overlay-opacity":"","overlay-gradient":""}},"ast-content-background-meta":{"desktop":{"background-color":"var(--ast-global-color-5)","background-image":"","background-repeat":"repeat","background-position":"center center","background-size":"auto","background-attachment":"scroll","background-type":"","background-media":"","overlay-type":"","overlay-color":"","overlay-opacity":"","overlay-gradient":""},"tablet":{"background-color":"var(--ast-global-color-5)","background-image":"","background-repeat":"repeat","background-position":"center center","background-size":"auto","background-attachment":"scroll","background-type":"","background-media":"","overlay-type":"","overlay-color":"","overlay-opacity":"","overlay-gradient":""},"mobile":{"background-color":"var(--ast-global-color-5)","background-image":"","background-repeat":"repeat","background-position":"center center","background-size":"auto","background-attachment":"scroll","background-type":"","background-media":"","overlay-type":"","overlay-color":"","overlay-opacity":"","overlay-gradient":""}}},"product_brand":[],"product_cat":[17],"product_tag":[],"class_list":{"0":"post-211","1":"product","2":"type-product","3":"status-publish","4":"has-post-thumbnail","6":"product_cat-plateaux-de-fruits-de-mer","7":"desktop-align-left","8":"tablet-align-left","9":"mobile-align-left","11":"first","12":"instock","13":"shipping-taxable","14":"purchasable","15":"product-type-simple"},"yoast_head":"<!-- This site is optimized with the Yoast SEO plugin v27.5 - https:\/\/yoast.com\/product\/yoast-seo-wordpress\/ -->\n<title>Plateaux de fruits de mer - La D\u00e9gustation<\/title>\n<meta name=\"description\" content=\"Plateaux : 10 Langoustines, 4 Bulots cuits, 50 gr de bigorneaux cuits, 10 Crevettes roses, 1 Pot de Rillettes fra\u00eeche (environs 50 gr), 2 Accras...\" \/>\n<meta name=\"robots\" content=\"index, follow, max-snippet:-1, max-image-preview:large, max-video-preview:-1\" \/>\n<link rel=\"canonical\" href=\"https:\/\/monpoisson.fr\/index.php\/produit\/plateaux-de-fruits-de-mer-la-degustation\/\" \/>\n<meta property=\"og:locale\" content=\"fr_FR\" \/>\n<meta property=\"og:type\" content=\"article\" \/>\n<meta property=\"og:title\" content=\"Plateaux de fruits de mer - La D\u00e9gustation\" \/>\n<meta property=\"og:description\" content=\"Plateaux : 10 Langoustines, 4 Bulots cuits, 50 gr de bigorneaux cuits, 10 Crevettes roses, 1 Pot de Rillettes fra\u00eeche (environs 50 gr), 2 Accras...\" \/>\n<meta property=\"og:url\" content=\"https:\/\/monpoisson.fr\/index.php\/produit\/plateaux-de-fruits-de-mer-la-degustation\/\" \/>\n<meta property=\"og:site_name\" content=\"Mon Poisson\" \/>\n<meta property=\"article:publisher\" content=\"https:\/\/www.facebook.com\/pecheriescotinierecotiniere?locale=fr_FR\" \/>\n<meta property=\"article:modified_time\" content=\"2026-03-05T15:22:42+00:00\" \/>\n<meta property=\"og:image\" content=\"https:\/\/monpoisson.fr\/wp-content\/uploads\/2024\/09\/PRODUIT-SITE-.jpg\" \/>\n\t<meta property=\"og:image:width\" content=\"1080\" \/>\n\t<meta property=\"og:image:height\" content=\"1080\" \/>\n\t<meta property=\"og:image:type\" content=\"image\/jpeg\" \/>\n<meta name=\"twitter:card\" content=\"summary_large_image\" \/>\n<meta name=\"twitter:label1\" content=\"Dur\u00e9e de lecture estim\u00e9e\" \/>\n\t<meta name=\"twitter:data1\" content=\"1 minute\" \/>\n<script type=\"application\/ld+json\" class=\"yoast-schema-graph\">{\"@context\":\"https:\\\/\\\/schema.org\",\"@graph\":[{\"@type\":\"WebPage\",\"@id\":\"https:\\\/\\\/monpoisson.fr\\\/index.php\\\/produit\\\/plateaux-de-fruits-de-mer-la-degustation\\\/\",\"url\":\"https:\\\/\\\/monpoisson.fr\\\/index.php\\\/produit\\\/plateaux-de-fruits-de-mer-la-degustation\\\/\",\"name\":\"Plateaux de fruits de mer - La D\u00e9gustation\",\"isPartOf\":{\"@id\":\"https:\\\/\\\/monpoisson.fr\\\/#website\"},\"primaryImageOfPage\":{\"@id\":\"https:\\\/\\\/monpoisson.fr\\\/index.php\\\/produit\\\/plateaux-de-fruits-de-mer-la-degustation\\\/#primaryimage\"},\"image\":{\"@id\":\"https:\\\/\\\/monpoisson.fr\\\/index.php\\\/produit\\\/plateaux-de-fruits-de-mer-la-degustation\\\/#primaryimage\"},\"thumbnailUrl\":\"https:\\\/\\\/monpoisson.fr\\\/wp-content\\\/uploads\\\/2024\\\/09\\\/PRODUIT-SITE-.jpg\",\"datePublished\":\"2024-09-20T14:01:11+00:00\",\"dateModified\":\"2026-03-05T15:22:42+00:00\",\"description\":\"Plateaux : 10 Langoustines, 4 Bulots cuits, 50 gr de bigorneaux cuits, 10 Crevettes roses, 1 Pot de Rillettes fra\u00eeche (environs 50 gr), 2 Accras...\",\"breadcrumb\":{\"@id\":\"https:\\\/\\\/monpoisson.fr\\\/index.php\\\/produit\\\/plateaux-de-fruits-de-mer-la-degustation\\\/#breadcrumb\"},\"inLanguage\":\"fr-FR\",\"potentialAction\":[{\"@type\":\"ReadAction\",\"target\":[\"https:\\\/\\\/monpoisson.fr\\\/index.php\\\/produit\\\/plateaux-de-fruits-de-mer-la-degustation\\\/\"]}]},{\"@type\":\"ImageObject\",\"inLanguage\":\"fr-FR\",\"@id\":\"https:\\\/\\\/monpoisson.fr\\\/index.php\\\/produit\\\/plateaux-de-fruits-de-mer-la-degustation\\\/#primaryimage\",\"url\":\"https:\\\/\\\/monpoisson.fr\\\/wp-content\\\/uploads\\\/2024\\\/09\\\/PRODUIT-SITE-.jpg\",\"contentUrl\":\"https:\\\/\\\/monpoisson.fr\\\/wp-content\\\/uploads\\\/2024\\\/09\\\/PRODUIT-SITE-.jpg\",\"width\":1080,\"height\":1080,\"caption\":\"Plateau fruits de mer D\u00e9gustation\"},{\"@type\":\"BreadcrumbList\",\"@id\":\"https:\\\/\\\/monpoisson.fr\\\/index.php\\\/produit\\\/plateaux-de-fruits-de-mer-la-degustation\\\/#breadcrumb\",\"itemListElement\":[{\"@type\":\"ListItem\",\"position\":1,\"name\":\"Accueil\",\"item\":\"https:\\\/\\\/monpoisson.fr\\\/\"},{\"@type\":\"ListItem\",\"position\":2,\"name\":\"Boutique\",\"item\":\"https:\\\/\\\/monpoisson.fr\\\/index.php\\\/boutique\\\/\"},{\"@type\":\"ListItem\",\"position\":3,\"name\":\"La D\u00e9gustation\"}]},{\"@type\":\"WebSite\",\"@id\":\"https:\\\/\\\/monpoisson.fr\\\/#website\",\"url\":\"https:\\\/\\\/monpoisson.fr\\\/\",\"name\":\"Mon Poisson\",\"description\":\"\",\"publisher\":{\"@id\":\"https:\\\/\\\/monpoisson.fr\\\/#organization\"},\"potentialAction\":[{\"@type\":\"SearchAction\",\"target\":{\"@type\":\"EntryPoint\",\"urlTemplate\":\"https:\\\/\\\/monpoisson.fr\\\/?s={search_term_string}\"},\"query-input\":{\"@type\":\"PropertyValueSpecification\",\"valueRequired\":true,\"valueName\":\"search_term_string\"}}],\"inLanguage\":\"fr-FR\"},{\"@type\":\"Organization\",\"@id\":\"https:\\\/\\\/monpoisson.fr\\\/#organization\",\"name\":\"Mon Poisson\",\"url\":\"https:\\\/\\\/monpoisson.fr\\\/\",\"logo\":{\"@type\":\"ImageObject\",\"inLanguage\":\"fr-FR\",\"@id\":\"https:\\\/\\\/monpoisson.fr\\\/#\\\/schema\\\/logo\\\/image\\\/\",\"url\":\"https:\\\/\\\/monpoisson.fr\\\/wp-content\\\/uploads\\\/2024\\\/09\\\/cropped-cropped-Design-sans-titre-1.webp\",\"contentUrl\":\"https:\\\/\\\/monpoisson.fr\\\/wp-content\\\/uploads\\\/2024\\\/09\\\/cropped-cropped-Design-sans-titre-1.webp\",\"width\":512,\"height\":205,\"caption\":\"Mon Poisson\"},\"image\":{\"@id\":\"https:\\\/\\\/monpoisson.fr\\\/#\\\/schema\\\/logo\\\/image\\\/\"},\"sameAs\":[\"https:\\\/\\\/www.facebook.com\\\/pecheriescotinierecotiniere?locale=fr_FR\"]}]}<\/script>\n<!-- \/ Yoast SEO plugin. -->","yoast_head_json":{"title":"Plateaux de fruits de mer - La D\u00e9gustation","description":"Plateaux : 10 Langoustines, 4 Bulots cuits, 50 gr de bigorneaux cuits, 10 Crevettes roses, 1 Pot de Rillettes fra\u00eeche (environs 50 gr), 2 Accras...","robots":{"index":"index","follow":"follow","max-snippet":"max-snippet:-1","max-image-preview":"max-image-preview:large","max-video-preview":"max-video-preview:-1"},"canonical":"https:\/\/monpoisson.fr\/index.php\/produit\/plateaux-de-fruits-de-mer-la-degustation\/","og_locale":"fr_FR","og_type":"article","og_title":"Plateaux de fruits de mer - La D\u00e9gustation","og_description":"Plateaux : 10 Langoustines, 4 Bulots cuits, 50 gr de bigorneaux cuits, 10 Crevettes roses, 1 Pot de Rillettes fra\u00eeche (environs 50 gr), 2 Accras...","og_url":"https:\/\/monpoisson.fr\/index.php\/produit\/plateaux-de-fruits-de-mer-la-degustation\/","og_site_name":"Mon Poisson","article_publisher":"https:\/\/www.facebook.com\/pecheriescotinierecotiniere?locale=fr_FR","article_modified_time":"2026-03-05T15:22:42+00:00","og_image":[{"width":1080,"height":1080,"url":"https:\/\/monpoisson.fr\/wp-content\/uploads\/2024\/09\/PRODUIT-SITE-.jpg","type":"image\/jpeg"}],"twitter_card":"summary_large_image","twitter_misc":{"Dur\u00e9e de lecture estim\u00e9e":"1 minute"},"schema":{"@context":"https:\/\/schema.org","@graph":[{"@type":"WebPage","@id":"https:\/\/monpoisson.fr\/index.php\/produit\/plateaux-de-fruits-de-mer-la-degustation\/","url":"https:\/\/monpoisson.fr\/index.php\/produit\/plateaux-de-fruits-de-mer-la-degustation\/","name":"Plateaux de fruits de mer - La D\u00e9gustation","isPartOf":{"@id":"https:\/\/monpoisson.fr\/#website"},"primaryImageOfPage":{"@id":"https:\/\/monpoisson.fr\/index.php\/produit\/plateaux-de-fruits-de-mer-la-degustation\/#primaryimage"},"image":{"@id":"https:\/\/monpoisson.fr\/index.php\/produit\/plateaux-de-fruits-de-mer-la-degustation\/#primaryimage"},"thumbnailUrl":"https:\/\/monpoisson.fr\/wp-content\/uploads\/2024\/09\/PRODUIT-SITE-.jpg","datePublished":"2024-09-20T14:01:11+00:00","dateModified":"2026-03-05T15:22:42+00:00","description":"Plateaux : 10 Langoustines, 4 Bulots cuits, 50 gr de bigorneaux cuits, 10 Crevettes roses, 1 Pot de Rillettes fra\u00eeche (environs 50 gr), 2 Accras...","breadcrumb":{"@id":"https:\/\/monpoisson.fr\/index.php\/produit\/plateaux-de-fruits-de-mer-la-degustation\/#breadcrumb"},"inLanguage":"fr-FR","potentialAction":[{"@type":"ReadAction","target":["https:\/\/monpoisson.fr\/index.php\/produit\/plateaux-de-fruits-de-mer-la-degustation\/"]}]},{"@type":"ImageObject","inLanguage":"fr-FR","@id":"https:\/\/monpoisson.fr\/index.php\/produit\/plateaux-de-fruits-de-mer-la-degustation\/#primaryimage","url":"https:\/\/monpoisson.fr\/wp-content\/uploads\/2024\/09\/PRODUIT-SITE-.jpg","contentUrl":"https:\/\/monpoisson.fr\/wp-content\/uploads\/2024\/09\/PRODUIT-SITE-.jpg","width":1080,"height":1080,"caption":"Plateau fruits de mer D\u00e9gustation"},{"@type":"BreadcrumbList","@id":"https:\/\/monpoisson.fr\/index.php\/produit\/plateaux-de-fruits-de-mer-la-degustation\/#breadcrumb","itemListElement":[{"@type":"ListItem","position":1,"name":"Accueil","item":"https:\/\/monpoisson.fr\/"},{"@type":"ListItem","position":2,"name":"Boutique","item":"https:\/\/monpoisson.fr\/index.php\/boutique\/"},{"@type":"ListItem","position":3,"name":"La D\u00e9gustation"}]},{"@type":"WebSite","@id":"https:\/\/monpoisson.fr\/#website","url":"https:\/\/monpoisson.fr\/","name":"Mon Poisson","description":"","publisher":{"@id":"https:\/\/monpoisson.fr\/#organization"},"potentialAction":[{"@type":"SearchAction","target":{"@type":"EntryPoint","urlTemplate":"https:\/\/monpoisson.fr\/?s={search_term_string}"},"query-input":{"@type":"PropertyValueSpecification","valueRequired":true,"valueName":"search_term_string"}}],"inLanguage":"fr-FR"},{"@type":"Organization","@id":"https:\/\/monpoisson.fr\/#organization","name":"Mon Poisson","url":"https:\/\/monpoisson.fr\/","logo":{"@type":"ImageObject","inLanguage":"fr-FR","@id":"https:\/\/monpoisson.fr\/#\/schema\/logo\/image\/","url":"https:\/\/monpoisson.fr\/wp-content\/uploads\/2024\/09\/cropped-cropped-Design-sans-titre-1.webp","contentUrl":"https:\/\/monpoisson.fr\/wp-content\/uploads\/2024\/09\/cropped-cropped-Design-sans-titre-1.webp","width":512,"height":205,"caption":"Mon Poisson"},"image":{"@id":"https:\/\/monpoisson.fr\/#\/schema\/logo\/image\/"},"sameAs":["https:\/\/www.facebook.com\/pecheriescotinierecotiniere?locale=fr_FR"]}]}},"uagb_featured_image_src":{"full":["https:\/\/monpoisson.fr\/wp-content\/uploads\/2024\/09\/PRODUIT-SITE-.jpg",1080,1080,false],"thumbnail":["https:\/\/monpoisson.fr\/wp-content\/uploads\/2024\/09\/PRODUIT-SITE--150x150.jpg",150,150,true],"medium":["https:\/\/monpoisson.fr\/wp-content\/uploads\/2024\/09\/PRODUIT-SITE--300x300.jpg",300,300,true],"medium_large":["https:\/\/monpoisson.fr\/wp-content\/uploads\/2024\/09\/PRODUIT-SITE--768x768.jpg",768,768,true],"large":["https:\/\/monpoisson.fr\/wp-content\/uploads\/2024\/09\/PRODUIT-SITE--1024x1024.jpg",1024,1024,true],"1536x1536":["https:\/\/monpoisson.fr\/wp-content\/uploads\/2024\/09\/PRODUIT-SITE-.jpg",1080,1080,false],"2048x2048":["https:\/\/monpoisson.fr\/wp-content\/uploads\/2024\/09\/PRODUIT-SITE-.jpg",1080,1080,false],"woocommerce_thumbnail":["https:\/\/monpoisson.fr\/wp-content\/uploads\/2024\/09\/PRODUIT-SITE--300x300.jpg",300,300,true],"woocommerce_single":["https:\/\/monpoisson.fr\/wp-content\/uploads\/2024\/09\/PRODUIT-SITE--600x600.jpg",600,600,true],"woocommerce_gallery_thumbnail":["https:\/\/monpoisson.fr\/wp-content\/uploads\/2024\/09\/PRODUIT-SITE--100x100.jpg",100,100,true]},"uagb_author_info":{"display_name":"Lola","author_link":"https:\/\/monpoisson.fr\/index.php\/author\/"},"uagb_comment_info":0,"uagb_excerpt":"10 Langoustines, 4 Bulots cuits, 50 gr de bigorneaux cuits, 10 Crevettes roses, 1 Pot de Rillettes fra\u00eeche (environs 50 gr), 2 Accras, 1 Pot d'Achois marin\u00e9s (environs 80 gr) - Commande minimum de 2 PARTS","_links":{"self":[{"href":"https:\/\/monpoisson.fr\/index.php\/wp-json\/wp\/v2\/product\/211","targetHints":{"allow":["GET"]}}],"collection":[{"href":"https:\/\/monpoisson.fr\/index.php\/wp-json\/wp\/v2\/product"}],"about":[{"href":"https:\/\/monpoisson.fr\/index.php\/wp-json\/wp\/v2\/types\/product"}],"version-history":[{"count":21,"href":"https:\/\/monpoisson.fr\/index.php\/wp-json\/wp\/v2\/product\/211\/revisions"}],"predecessor-version":[{"id":1056,"href":"https:\/\/monpoisson.fr\/index.php\/wp-json\/wp\/v2\/product\/211\/revisions\/1056"}],"wp:featuredmedia":[{"embeddable":true,"href":"https:\/\/monpoisson.fr\/index.php\/wp-json\/wp\/v2\/media\/1044"}],"wp:attachment":[{"href":"https:\/\/monpoisson.fr\/index.php\/wp-json\/wp\/v2\/media?parent=211"}],"wp:term":[{"taxonomy":"product_brand","embeddable":true,"href":"https:\/\/monpoisson.fr\/index.php\/wp-json\/wp\/v2\/product_brand?post=211"},{"taxonomy":"product_cat","embeddable":true,"href":"https:\/\/monpoisson.fr\/index.php\/wp-json\/wp\/v2\/product_cat?post=211"},{"taxonomy":"product_tag","embeddable":true,"href":"https:\/\/monpoisson.fr\/index.php\/wp-json\/wp\/v2\/product_tag?post=211"}],"curies":[{"name":"wp","href":"https:\/\/api.w.org\/{rel}","templated":true}]}}