{"id":203,"date":"2024-09-20T14:59:30","date_gmt":"2024-09-20T12:59:30","guid":{"rendered":"https:\/\/monpoisson.fr\/?post_type=product&#038;p=203"},"modified":"2026-03-05T16:21:55","modified_gmt":"2026-03-05T15:21:55","slug":"plateaux-de-fruits-de-mer-le-langoustine","status":"publish","type":"product","link":"https:\/\/monpoisson.fr\/index.php\/produit\/plateaux-de-fruits-de-mer-le-langoustine\/","title":{"rendered":"La Langoustine"},"content":{"rendered":"\t\t<div data-elementor-type=\"wp-post\" data-elementor-id=\"203\" class=\"elementor elementor-203\">\n\t\t\t\t<div class=\"elementor-element elementor-element-6de9cce6 e-flex e-con-boxed e-con e-parent\" data-id=\"6de9cce6\" data-element_type=\"container\" data-e-type=\"container\">\n\t\t\t\t\t<div class=\"e-con-inner\">\n\t\t\t\t<div class=\"elementor-element elementor-element-3a0213fa elementor-widget elementor-widget-text-editor\" data-id=\"3a0213fa\" data-element_type=\"widget\" data-e-type=\"widget\" data-widget_type=\"text-editor.default\">\n\t\t\t\t\t\t\t\t\t<h4><strong>*Achat minimum pour 2 personnes<\/strong><\/h4><h4><strong>\u00a0<\/strong><\/h4><h4><strong>Plateaux Langoustine <\/strong>:<\/h4><div>\u00a0<\/div><ul><li><strong>4 Hu\u00eetres N\u00b04 :\u00a0<\/strong>\u00a0(<em>Crassostrea gigas<\/em>\u00a0\/\u00a0<em>\u00c9LEVAGE FRANCE\u00a0<\/em>)<\/li><li><strong>12 Langoustines 30\/40<\/strong>\u00a0<strong>:<\/strong>\u00a0(<em>Nephrops norvegius \/ P\u00caCH\u00c9 EN ATLANTIQUE NORD-EST<\/em>\u00a0 ;\u00a0<em>Chalut)<\/em><\/li><li><strong>2 Gambas sauvages 20\/30 : <\/strong>(Pennaeus notialis<em> \/\u00a0 P\u00caCH\u00c9 EN ATLANTIQUE CENTRE-EST\u00a0 ; Chalut)\u00a0<\/em><\/li><li><strong>5 Crevettes roses 40\/60 :<\/strong>\u00a0(<em>Pennaeus van \/ \u00c9LEV\u00c9ES EN \u00c9QUATEUR)<\/em><\/li><li><strong>4 Bulots cuits :\u00a0<\/strong><em>(Buccinum undatum \/ P\u00caCH\u00c9 EN ATLANTIQUE NORD-EST ; Casiers)<\/em><\/li><li><strong>50 gr de bigorneaux cuits :\u00a0<\/strong><em>(Littorina littorea \/ P\u00caCH\u00c9 EN ATLANTIQUE NORD-EST ; P\u00eache \u00e0 pied)<\/em><\/li><li><strong>1\/2 Citron\u00a0<\/strong><\/li><\/ul>\t\t\t\t\t\t\t\t<\/div>\n\t\t\t\t\t<\/div>\n\t\t\t\t<\/div>\n\t\t\t\t<\/div>\n\t\t","protected":false},"excerpt":{"rendered":"<p>4 Hu\u00eetres, 12 Langoustines, 6 Crevettes roses, 4 Bulots cuits, 2 Gambas sauvages, 1\/2 Citron <strong>&#8211; Commande minimum de 2 PARTS<\/strong><\/p>\n","protected":false},"featured_media":1045,"template":"","meta":{"_uag_custom_page_level_css":"","site-sidebar-layout":"default","site-content-layout":"","ast-site-content-layout":"default","site-content-style":"default","site-sidebar-style":"default","ast-global-header-display":"","ast-banner-title-visibility":"","ast-main-header-display":"","ast-hfb-above-header-display":"","ast-hfb-below-header-display":"","ast-hfb-mobile-header-display":"","site-post-title":"","ast-breadcrumbs-content":"","ast-featured-img":"","footer-sml-layout":"","ast-disable-related-posts":"","theme-transparent-header-meta":"default","adv-header-id-meta":"","stick-header-meta":"","header-above-stick-meta":"","header-main-stick-meta":"","header-below-stick-meta":"","astra-migrate-meta-layouts":"set","ast-page-background-enabled":"default","ast-page-background-meta":{"desktop":{"background-color":"var(--ast-global-color-4)","background-image":"","background-repeat":"repeat","background-position":"center center","background-size":"auto","background-attachment":"scroll","background-type":"","background-media":"","overlay-type":"","overlay-color":"","overlay-opacity":"","overlay-gradient":""},"tablet":{"background-color":"","background-image":"","background-repeat":"repeat","background-position":"center center","background-size":"auto","background-attachment":"scroll","background-type":"","background-media":"","overlay-type":"","overlay-color":"","overlay-opacity":"","overlay-gradient":""},"mobile":{"background-color":"","background-image":"","background-repeat":"repeat","background-position":"center center","background-size":"auto","background-attachment":"scroll","background-type":"","background-media":"","overlay-type":"","overlay-color":"","overlay-opacity":"","overlay-gradient":""}},"ast-content-background-meta":{"desktop":{"background-color":"var(--ast-global-color-5)","background-image":"","background-repeat":"repeat","background-position":"center center","background-size":"auto","background-attachment":"scroll","background-type":"","background-media":"","overlay-type":"","overlay-color":"","overlay-opacity":"","overlay-gradient":""},"tablet":{"background-color":"var(--ast-global-color-5)","background-image":"","background-repeat":"repeat","background-position":"center center","background-size":"auto","background-attachment":"scroll","background-type":"","background-media":"","overlay-type":"","overlay-color":"","overlay-opacity":"","overlay-gradient":""},"mobile":{"background-color":"var(--ast-global-color-5)","background-image":"","background-repeat":"repeat","background-position":"center center","background-size":"auto","background-attachment":"scroll","background-type":"","background-media":"","overlay-type":"","overlay-color":"","overlay-opacity":"","overlay-gradient":""}}},"product_brand":[],"product_cat":[17],"product_tag":[],"class_list":{"0":"post-203","1":"product","2":"type-product","3":"status-publish","4":"has-post-thumbnail","6":"product_cat-plateaux-de-fruits-de-mer","7":"desktop-align-left","8":"tablet-align-left","9":"mobile-align-left","11":"first","12":"instock","13":"shipping-taxable","14":"purchasable","15":"product-type-simple"},"yoast_head":"<!-- This site is optimized with the Yoast SEO plugin v27.5 - https:\/\/yoast.com\/product\/yoast-seo-wordpress\/ -->\n<title>Plateaux de fruits de mer - La Langoustine<\/title>\n<meta name=\"description\" content=\"Plateaux Langoustine 28 \u20ac\u00a0la part par personne\u00a0: 4 Hu\u00eetres, 12 Langoustines, 6 Crevettes roses, 4 Bulots cuits, 2 Gambas sauvages, 1\/2 Citron\" \/>\n<meta name=\"robots\" content=\"index, follow, max-snippet:-1, max-image-preview:large, max-video-preview:-1\" \/>\n<link rel=\"canonical\" href=\"https:\/\/monpoisson.fr\/index.php\/produit\/plateaux-de-fruits-de-mer-le-langoustine\/\" \/>\n<meta property=\"og:locale\" content=\"fr_FR\" \/>\n<meta property=\"og:type\" content=\"article\" \/>\n<meta property=\"og:title\" content=\"Plateaux de fruits de mer - La Langoustine\" \/>\n<meta property=\"og:description\" content=\"Plateaux Langoustine 28 \u20ac\u00a0la part par personne\u00a0: 4 Hu\u00eetres, 12 Langoustines, 6 Crevettes roses, 4 Bulots cuits, 2 Gambas sauvages, 1\/2 Citron\" \/>\n<meta property=\"og:url\" content=\"https:\/\/monpoisson.fr\/index.php\/produit\/plateaux-de-fruits-de-mer-le-langoustine\/\" \/>\n<meta property=\"og:site_name\" content=\"Mon Poisson\" \/>\n<meta property=\"article:publisher\" content=\"https:\/\/www.facebook.com\/pecheriescotinierecotiniere?locale=fr_FR\" \/>\n<meta property=\"article:modified_time\" content=\"2026-03-05T15:21:55+00:00\" \/>\n<meta property=\"og:image\" content=\"https:\/\/monpoisson.fr\/wp-content\/uploads\/2024\/09\/LANGOUSTINE-1.jpg\" \/>\n\t<meta property=\"og:image:width\" content=\"1080\" \/>\n\t<meta property=\"og:image:height\" content=\"1080\" \/>\n\t<meta property=\"og:image:type\" content=\"image\/jpeg\" \/>\n<meta name=\"twitter:card\" content=\"summary_large_image\" \/>\n<meta name=\"twitter:label1\" content=\"Dur\u00e9e de lecture estim\u00e9e\" \/>\n\t<meta name=\"twitter:data1\" content=\"1 minute\" \/>\n<script type=\"application\/ld+json\" class=\"yoast-schema-graph\">{\"@context\":\"https:\\\/\\\/schema.org\",\"@graph\":[{\"@type\":\"WebPage\",\"@id\":\"https:\\\/\\\/monpoisson.fr\\\/index.php\\\/produit\\\/plateaux-de-fruits-de-mer-le-langoustine\\\/\",\"url\":\"https:\\\/\\\/monpoisson.fr\\\/index.php\\\/produit\\\/plateaux-de-fruits-de-mer-le-langoustine\\\/\",\"name\":\"Plateaux de fruits de mer - La Langoustine\",\"isPartOf\":{\"@id\":\"https:\\\/\\\/monpoisson.fr\\\/#website\"},\"primaryImageOfPage\":{\"@id\":\"https:\\\/\\\/monpoisson.fr\\\/index.php\\\/produit\\\/plateaux-de-fruits-de-mer-le-langoustine\\\/#primaryimage\"},\"image\":{\"@id\":\"https:\\\/\\\/monpoisson.fr\\\/index.php\\\/produit\\\/plateaux-de-fruits-de-mer-le-langoustine\\\/#primaryimage\"},\"thumbnailUrl\":\"https:\\\/\\\/monpoisson.fr\\\/wp-content\\\/uploads\\\/2024\\\/09\\\/LANGOUSTINE-1.jpg\",\"datePublished\":\"2024-09-20T12:59:30+00:00\",\"dateModified\":\"2026-03-05T15:21:55+00:00\",\"description\":\"Plateaux Langoustine 28 \u20ac\u00a0la part par personne\u00a0: 4 Hu\u00eetres, 12 Langoustines, 6 Crevettes roses, 4 Bulots cuits, 2 Gambas sauvages, 1\\\/2 Citron\",\"breadcrumb\":{\"@id\":\"https:\\\/\\\/monpoisson.fr\\\/index.php\\\/produit\\\/plateaux-de-fruits-de-mer-le-langoustine\\\/#breadcrumb\"},\"inLanguage\":\"fr-FR\",\"potentialAction\":[{\"@type\":\"ReadAction\",\"target\":[\"https:\\\/\\\/monpoisson.fr\\\/index.php\\\/produit\\\/plateaux-de-fruits-de-mer-le-langoustine\\\/\"]}]},{\"@type\":\"ImageObject\",\"inLanguage\":\"fr-FR\",\"@id\":\"https:\\\/\\\/monpoisson.fr\\\/index.php\\\/produit\\\/plateaux-de-fruits-de-mer-le-langoustine\\\/#primaryimage\",\"url\":\"https:\\\/\\\/monpoisson.fr\\\/wp-content\\\/uploads\\\/2024\\\/09\\\/LANGOUSTINE-1.jpg\",\"contentUrl\":\"https:\\\/\\\/monpoisson.fr\\\/wp-content\\\/uploads\\\/2024\\\/09\\\/LANGOUSTINE-1.jpg\",\"width\":1080,\"height\":1080,\"caption\":\"Plateau fruits de mer Langoustine\"},{\"@type\":\"BreadcrumbList\",\"@id\":\"https:\\\/\\\/monpoisson.fr\\\/index.php\\\/produit\\\/plateaux-de-fruits-de-mer-le-langoustine\\\/#breadcrumb\",\"itemListElement\":[{\"@type\":\"ListItem\",\"position\":1,\"name\":\"Accueil\",\"item\":\"https:\\\/\\\/monpoisson.fr\\\/\"},{\"@type\":\"ListItem\",\"position\":2,\"name\":\"Boutique\",\"item\":\"https:\\\/\\\/monpoisson.fr\\\/index.php\\\/boutique\\\/\"},{\"@type\":\"ListItem\",\"position\":3,\"name\":\"La Langoustine\"}]},{\"@type\":\"WebSite\",\"@id\":\"https:\\\/\\\/monpoisson.fr\\\/#website\",\"url\":\"https:\\\/\\\/monpoisson.fr\\\/\",\"name\":\"Mon Poisson\",\"description\":\"\",\"publisher\":{\"@id\":\"https:\\\/\\\/monpoisson.fr\\\/#organization\"},\"potentialAction\":[{\"@type\":\"SearchAction\",\"target\":{\"@type\":\"EntryPoint\",\"urlTemplate\":\"https:\\\/\\\/monpoisson.fr\\\/?s={search_term_string}\"},\"query-input\":{\"@type\":\"PropertyValueSpecification\",\"valueRequired\":true,\"valueName\":\"search_term_string\"}}],\"inLanguage\":\"fr-FR\"},{\"@type\":\"Organization\",\"@id\":\"https:\\\/\\\/monpoisson.fr\\\/#organization\",\"name\":\"Mon Poisson\",\"url\":\"https:\\\/\\\/monpoisson.fr\\\/\",\"logo\":{\"@type\":\"ImageObject\",\"inLanguage\":\"fr-FR\",\"@id\":\"https:\\\/\\\/monpoisson.fr\\\/#\\\/schema\\\/logo\\\/image\\\/\",\"url\":\"https:\\\/\\\/monpoisson.fr\\\/wp-content\\\/uploads\\\/2024\\\/09\\\/cropped-cropped-Design-sans-titre-1.webp\",\"contentUrl\":\"https:\\\/\\\/monpoisson.fr\\\/wp-content\\\/uploads\\\/2024\\\/09\\\/cropped-cropped-Design-sans-titre-1.webp\",\"width\":512,\"height\":205,\"caption\":\"Mon Poisson\"},\"image\":{\"@id\":\"https:\\\/\\\/monpoisson.fr\\\/#\\\/schema\\\/logo\\\/image\\\/\"},\"sameAs\":[\"https:\\\/\\\/www.facebook.com\\\/pecheriescotinierecotiniere?locale=fr_FR\"]}]}<\/script>\n<!-- \/ Yoast SEO plugin. -->","yoast_head_json":{"title":"Plateaux de fruits de mer - La Langoustine","description":"Plateaux Langoustine 28 \u20ac\u00a0la part par personne\u00a0: 4 Hu\u00eetres, 12 Langoustines, 6 Crevettes roses, 4 Bulots cuits, 2 Gambas sauvages, 1\/2 Citron","robots":{"index":"index","follow":"follow","max-snippet":"max-snippet:-1","max-image-preview":"max-image-preview:large","max-video-preview":"max-video-preview:-1"},"canonical":"https:\/\/monpoisson.fr\/index.php\/produit\/plateaux-de-fruits-de-mer-le-langoustine\/","og_locale":"fr_FR","og_type":"article","og_title":"Plateaux de fruits de mer - La Langoustine","og_description":"Plateaux Langoustine 28 \u20ac\u00a0la part par personne\u00a0: 4 Hu\u00eetres, 12 Langoustines, 6 Crevettes roses, 4 Bulots cuits, 2 Gambas sauvages, 1\/2 Citron","og_url":"https:\/\/monpoisson.fr\/index.php\/produit\/plateaux-de-fruits-de-mer-le-langoustine\/","og_site_name":"Mon Poisson","article_publisher":"https:\/\/www.facebook.com\/pecheriescotinierecotiniere?locale=fr_FR","article_modified_time":"2026-03-05T15:21:55+00:00","og_image":[{"width":1080,"height":1080,"url":"https:\/\/monpoisson.fr\/wp-content\/uploads\/2024\/09\/LANGOUSTINE-1.jpg","type":"image\/jpeg"}],"twitter_card":"summary_large_image","twitter_misc":{"Dur\u00e9e de lecture estim\u00e9e":"1 minute"},"schema":{"@context":"https:\/\/schema.org","@graph":[{"@type":"WebPage","@id":"https:\/\/monpoisson.fr\/index.php\/produit\/plateaux-de-fruits-de-mer-le-langoustine\/","url":"https:\/\/monpoisson.fr\/index.php\/produit\/plateaux-de-fruits-de-mer-le-langoustine\/","name":"Plateaux de fruits de mer - La Langoustine","isPartOf":{"@id":"https:\/\/monpoisson.fr\/#website"},"primaryImageOfPage":{"@id":"https:\/\/monpoisson.fr\/index.php\/produit\/plateaux-de-fruits-de-mer-le-langoustine\/#primaryimage"},"image":{"@id":"https:\/\/monpoisson.fr\/index.php\/produit\/plateaux-de-fruits-de-mer-le-langoustine\/#primaryimage"},"thumbnailUrl":"https:\/\/monpoisson.fr\/wp-content\/uploads\/2024\/09\/LANGOUSTINE-1.jpg","datePublished":"2024-09-20T12:59:30+00:00","dateModified":"2026-03-05T15:21:55+00:00","description":"Plateaux Langoustine 28 \u20ac\u00a0la part par personne\u00a0: 4 Hu\u00eetres, 12 Langoustines, 6 Crevettes roses, 4 Bulots cuits, 2 Gambas sauvages, 1\/2 Citron","breadcrumb":{"@id":"https:\/\/monpoisson.fr\/index.php\/produit\/plateaux-de-fruits-de-mer-le-langoustine\/#breadcrumb"},"inLanguage":"fr-FR","potentialAction":[{"@type":"ReadAction","target":["https:\/\/monpoisson.fr\/index.php\/produit\/plateaux-de-fruits-de-mer-le-langoustine\/"]}]},{"@type":"ImageObject","inLanguage":"fr-FR","@id":"https:\/\/monpoisson.fr\/index.php\/produit\/plateaux-de-fruits-de-mer-le-langoustine\/#primaryimage","url":"https:\/\/monpoisson.fr\/wp-content\/uploads\/2024\/09\/LANGOUSTINE-1.jpg","contentUrl":"https:\/\/monpoisson.fr\/wp-content\/uploads\/2024\/09\/LANGOUSTINE-1.jpg","width":1080,"height":1080,"caption":"Plateau fruits de mer Langoustine"},{"@type":"BreadcrumbList","@id":"https:\/\/monpoisson.fr\/index.php\/produit\/plateaux-de-fruits-de-mer-le-langoustine\/#breadcrumb","itemListElement":[{"@type":"ListItem","position":1,"name":"Accueil","item":"https:\/\/monpoisson.fr\/"},{"@type":"ListItem","position":2,"name":"Boutique","item":"https:\/\/monpoisson.fr\/index.php\/boutique\/"},{"@type":"ListItem","position":3,"name":"La Langoustine"}]},{"@type":"WebSite","@id":"https:\/\/monpoisson.fr\/#website","url":"https:\/\/monpoisson.fr\/","name":"Mon Poisson","description":"","publisher":{"@id":"https:\/\/monpoisson.fr\/#organization"},"potentialAction":[{"@type":"SearchAction","target":{"@type":"EntryPoint","urlTemplate":"https:\/\/monpoisson.fr\/?s={search_term_string}"},"query-input":{"@type":"PropertyValueSpecification","valueRequired":true,"valueName":"search_term_string"}}],"inLanguage":"fr-FR"},{"@type":"Organization","@id":"https:\/\/monpoisson.fr\/#organization","name":"Mon Poisson","url":"https:\/\/monpoisson.fr\/","logo":{"@type":"ImageObject","inLanguage":"fr-FR","@id":"https:\/\/monpoisson.fr\/#\/schema\/logo\/image\/","url":"https:\/\/monpoisson.fr\/wp-content\/uploads\/2024\/09\/cropped-cropped-Design-sans-titre-1.webp","contentUrl":"https:\/\/monpoisson.fr\/wp-content\/uploads\/2024\/09\/cropped-cropped-Design-sans-titre-1.webp","width":512,"height":205,"caption":"Mon Poisson"},"image":{"@id":"https:\/\/monpoisson.fr\/#\/schema\/logo\/image\/"},"sameAs":["https:\/\/www.facebook.com\/pecheriescotinierecotiniere?locale=fr_FR"]}]}},"uagb_featured_image_src":{"full":["https:\/\/monpoisson.fr\/wp-content\/uploads\/2024\/09\/LANGOUSTINE-1.jpg",1080,1080,false],"thumbnail":["https:\/\/monpoisson.fr\/wp-content\/uploads\/2024\/09\/LANGOUSTINE-1-150x150.jpg",150,150,true],"medium":["https:\/\/monpoisson.fr\/wp-content\/uploads\/2024\/09\/LANGOUSTINE-1-300x300.jpg",300,300,true],"medium_large":["https:\/\/monpoisson.fr\/wp-content\/uploads\/2024\/09\/LANGOUSTINE-1-768x768.jpg",768,768,true],"large":["https:\/\/monpoisson.fr\/wp-content\/uploads\/2024\/09\/LANGOUSTINE-1-1024x1024.jpg",1024,1024,true],"1536x1536":["https:\/\/monpoisson.fr\/wp-content\/uploads\/2024\/09\/LANGOUSTINE-1.jpg",1080,1080,false],"2048x2048":["https:\/\/monpoisson.fr\/wp-content\/uploads\/2024\/09\/LANGOUSTINE-1.jpg",1080,1080,false],"woocommerce_thumbnail":["https:\/\/monpoisson.fr\/wp-content\/uploads\/2024\/09\/LANGOUSTINE-1-300x300.jpg",300,300,true],"woocommerce_single":["https:\/\/monpoisson.fr\/wp-content\/uploads\/2024\/09\/LANGOUSTINE-1-600x600.jpg",600,600,true],"woocommerce_gallery_thumbnail":["https:\/\/monpoisson.fr\/wp-content\/uploads\/2024\/09\/LANGOUSTINE-1-100x100.jpg",100,100,true]},"uagb_author_info":{"display_name":"Lola","author_link":"https:\/\/monpoisson.fr\/index.php\/author\/"},"uagb_comment_info":0,"uagb_excerpt":"4 Hu\u00eetres, 12 Langoustines, 6 Crevettes roses, 4 Bulots cuits, 2 Gambas sauvages, 1\/2 Citron - Commande minimum de 2 PARTS","_links":{"self":[{"href":"https:\/\/monpoisson.fr\/index.php\/wp-json\/wp\/v2\/product\/203","targetHints":{"allow":["GET"]}}],"collection":[{"href":"https:\/\/monpoisson.fr\/index.php\/wp-json\/wp\/v2\/product"}],"about":[{"href":"https:\/\/monpoisson.fr\/index.php\/wp-json\/wp\/v2\/types\/product"}],"version-history":[{"count":19,"href":"https:\/\/monpoisson.fr\/index.php\/wp-json\/wp\/v2\/product\/203\/revisions"}],"predecessor-version":[{"id":1055,"href":"https:\/\/monpoisson.fr\/index.php\/wp-json\/wp\/v2\/product\/203\/revisions\/1055"}],"wp:featuredmedia":[{"embeddable":true,"href":"https:\/\/monpoisson.fr\/index.php\/wp-json\/wp\/v2\/media\/1045"}],"wp:attachment":[{"href":"https:\/\/monpoisson.fr\/index.php\/wp-json\/wp\/v2\/media?parent=203"}],"wp:term":[{"taxonomy":"product_brand","embeddable":true,"href":"https:\/\/monpoisson.fr\/index.php\/wp-json\/wp\/v2\/product_brand?post=203"},{"taxonomy":"product_cat","embeddable":true,"href":"https:\/\/monpoisson.fr\/index.php\/wp-json\/wp\/v2\/product_cat?post=203"},{"taxonomy":"product_tag","embeddable":true,"href":"https:\/\/monpoisson.fr\/index.php\/wp-json\/wp\/v2\/product_tag?post=203"}],"curies":[{"name":"wp","href":"https:\/\/api.w.org\/{rel}","templated":true}]}}