{"id":188,"date":"2024-09-20T14:26:54","date_gmt":"2024-09-20T12:26:54","guid":{"rendered":"https:\/\/monpoisson.fr\/?post_type=product&#038;p=188"},"modified":"2026-03-05T16:20:13","modified_gmt":"2026-03-05T15:20:13","slug":"plateau-le-royal-homard","status":"publish","type":"product","link":"https:\/\/monpoisson.fr\/index.php\/produit\/plateau-le-royal-homard\/","title":{"rendered":"Le Royal Homard ou Langouste"},"content":{"rendered":"\t\t<div data-elementor-type=\"wp-post\" data-elementor-id=\"188\" class=\"elementor elementor-188\">\n\t\t\t\t<div class=\"elementor-element elementor-element-6efc7040 e-flex e-con-boxed e-con e-parent\" data-id=\"6efc7040\" data-element_type=\"container\" data-e-type=\"container\">\n\t\t\t\t\t<div class=\"e-con-inner\">\n\t\t\t\t<div class=\"elementor-element elementor-element-4ef8ebb0 elementor-widget elementor-widget-text-editor\" data-id=\"4ef8ebb0\" data-element_type=\"widget\" data-e-type=\"widget\" data-widget_type=\"text-editor.default\">\n\t\t\t\t\t\t\t\t\t<h4><strong>*Achat minimum pour 2 personnes\u00a0<\/strong><\/h4><p>\u00a0<\/p><h4 style=\"text-align: left;\"><b>Plateaux Royal Homard\u00a0 :<\/b><\/h4><div><b>\u00a0<\/b><\/div><ul><li><strong>4 Hu\u00eetres N\u00b04 :\u00a0<\/strong> (<em>Crassostrea gigas<\/em> \/ <em>\u00c9LEVAGE FRANCE <\/em>)<\/li><li><strong>5 Langoustines 30\/40<\/strong> <strong>:<\/strong> (<em>Nephrops norvegius \/ P\u00caCH\u00c9 EN ATLANTIQUE NORD-EST<\/em>\u00a0 ; <em>Chalut<\/em>)<\/li><li><strong>1\/2 Crabe 400\/600 grs :\u00a0<\/strong>(<em>Cancer pagurus \/\u00a0 P\u00caCH\u00c9 EN ATLANTIQUE NORD-EST\u00a0 ; Casiers)\u00a0<\/em><\/li><li><strong>5 Crevettes roses 40\/60 :<\/strong> (<em>Pennaeus van \/ \u00c9LEV\u00c9ES EN \u00c9QUATEUR)<\/em><\/li><li><strong>4 Bulots cuits : <\/strong><em>(Buccinum undatum \/ P\u00caCH\u00c9 EN ATLANTIQUE NORD-EST ; Casiers)<\/em><\/li><li><strong>50 gr de bigorneaux cuits :\u00a0<\/strong><em>(Littorina littorea \/ P\u00caCH\u00c9 EN ATLANTIQUE NORD-EST ; P\u00eache \u00e0 pied)<\/em><\/li><li><strong>1\/2 Homard bleu 400\/600 grs :<\/strong> (<em>Homarus gammarus \/ P\u00caCH\u00c9 EN ATLANTIQUE NORD-EST ; Casiers)<\/em><\/li><li><strong>1\/2 Citron\u00a0<\/strong><\/li><\/ul>\t\t\t\t\t\t\t\t<\/div>\n\t\t\t\t\t<\/div>\n\t\t\t\t<\/div>\n\t\t\t\t<\/div>\n\t\t","protected":false},"excerpt":{"rendered":"<p>4 Hu\u00eetres, 5 Langoustines, 1\/2 Crabe, 5 Crevettes roses, 4 Bulots cuits, 50 gr de bigorneaux cuits, 1\/2 Homard bleu <strong>OU<\/strong> 1\/2 Langouste , 1\/2 Citron &#8211;<strong> Commande minimum de 2 PARTS<\/strong><\/p>\n","protected":false},"featured_media":1052,"template":"","meta":{"_uag_custom_page_level_css":"","site-sidebar-layout":"default","site-content-layout":"","ast-site-content-layout":"default","site-content-style":"default","site-sidebar-style":"default","ast-global-header-display":"","ast-banner-title-visibility":"","ast-main-header-display":"","ast-hfb-above-header-display":"","ast-hfb-below-header-display":"","ast-hfb-mobile-header-display":"","site-post-title":"","ast-breadcrumbs-content":"","ast-featured-img":"","footer-sml-layout":"","ast-disable-related-posts":"","theme-transparent-header-meta":"default","adv-header-id-meta":"","stick-header-meta":"","header-above-stick-meta":"","header-main-stick-meta":"","header-below-stick-meta":"","astra-migrate-meta-layouts":"set","ast-page-background-enabled":"default","ast-page-background-meta":{"desktop":{"background-color":"var(--ast-global-color-4)","background-image":"","background-repeat":"repeat","background-position":"center center","background-size":"auto","background-attachment":"scroll","background-type":"","background-media":"","overlay-type":"","overlay-color":"","overlay-opacity":"","overlay-gradient":""},"tablet":{"background-color":"","background-image":"","background-repeat":"repeat","background-position":"center center","background-size":"auto","background-attachment":"scroll","background-type":"","background-media":"","overlay-type":"","overlay-color":"","overlay-opacity":"","overlay-gradient":""},"mobile":{"background-color":"","background-image":"","background-repeat":"repeat","background-position":"center center","background-size":"auto","background-attachment":"scroll","background-type":"","background-media":"","overlay-type":"","overlay-color":"","overlay-opacity":"","overlay-gradient":""}},"ast-content-background-meta":{"desktop":{"background-color":"var(--ast-global-color-5)","background-image":"","background-repeat":"repeat","background-position":"center center","background-size":"auto","background-attachment":"scroll","background-type":"","background-media":"","overlay-type":"","overlay-color":"","overlay-opacity":"","overlay-gradient":""},"tablet":{"background-color":"var(--ast-global-color-5)","background-image":"","background-repeat":"repeat","background-position":"center center","background-size":"auto","background-attachment":"scroll","background-type":"","background-media":"","overlay-type":"","overlay-color":"","overlay-opacity":"","overlay-gradient":""},"mobile":{"background-color":"var(--ast-global-color-5)","background-image":"","background-repeat":"repeat","background-position":"center center","background-size":"auto","background-attachment":"scroll","background-type":"","background-media":"","overlay-type":"","overlay-color":"","overlay-opacity":"","overlay-gradient":""}}},"product_brand":[],"product_cat":[17],"product_tag":[],"class_list":{"0":"post-188","1":"product","2":"type-product","3":"status-publish","4":"has-post-thumbnail","6":"product_cat-plateaux-de-fruits-de-mer","7":"desktop-align-left","8":"tablet-align-left","9":"mobile-align-left","11":"first","12":"instock","13":"shipping-taxable","14":"purchasable","15":"product-type-simple"},"yoast_head":"<!-- This site is optimized with the Yoast SEO plugin v27.6 - https:\/\/yoast.com\/product\/yoast-seo-wordpress\/ -->\n<title>Plateau Le Royal Homard<\/title>\n<meta name=\"description\" content=\"4 Hu\u00eetres, 5 Langoustines, 1\/2 Crabe, 5 Crevettes roses, 4 Bulots cuits, 50 gr de bigorneaux cuits, 1\/2 Homard bleu OU 1\/2 Langouste, 1\/2 Citron\" \/>\n<meta name=\"robots\" content=\"index, follow, max-snippet:-1, max-image-preview:large, max-video-preview:-1\" \/>\n<link rel=\"canonical\" href=\"https:\/\/monpoisson.fr\/index.php\/produit\/plateau-le-royal-homard\/\" \/>\n<meta property=\"og:locale\" content=\"fr_FR\" \/>\n<meta property=\"og:type\" content=\"article\" \/>\n<meta property=\"og:title\" content=\"Plateau Le Royal Homard\" \/>\n<meta property=\"og:description\" content=\"4 Hu\u00eetres, 5 Langoustines, 1\/2 Crabe, 5 Crevettes roses, 4 Bulots cuits, 50 gr de bigorneaux cuits, 1\/2 Homard bleu OU 1\/2 Langouste, 1\/2 Citron\" \/>\n<meta property=\"og:url\" content=\"https:\/\/monpoisson.fr\/index.php\/produit\/plateau-le-royal-homard\/\" \/>\n<meta property=\"og:site_name\" content=\"Mon Poisson\" \/>\n<meta property=\"article:publisher\" content=\"https:\/\/www.facebook.com\/pecheriescotinierecotiniere?locale=fr_FR\" \/>\n<meta property=\"article:modified_time\" content=\"2026-03-05T15:20:13+00:00\" \/>\n<meta property=\"og:image\" content=\"https:\/\/monpoisson.fr\/wp-content\/uploads\/2024\/09\/LANGOUSTE.jpg\" \/>\n\t<meta property=\"og:image:width\" content=\"1080\" \/>\n\t<meta property=\"og:image:height\" content=\"1080\" \/>\n\t<meta property=\"og:image:type\" content=\"image\/jpeg\" \/>\n<meta name=\"twitter:card\" content=\"summary_large_image\" \/>\n<meta name=\"twitter:label1\" content=\"Dur\u00e9e de lecture estim\u00e9e\" \/>\n\t<meta name=\"twitter:data1\" content=\"1 minute\" \/>\n<script type=\"application\/ld+json\" class=\"yoast-schema-graph\">{\"@context\":\"https:\\\/\\\/schema.org\",\"@graph\":[{\"@type\":\"WebPage\",\"@id\":\"https:\\\/\\\/monpoisson.fr\\\/index.php\\\/produit\\\/plateau-le-royal-homard\\\/\",\"url\":\"https:\\\/\\\/monpoisson.fr\\\/index.php\\\/produit\\\/plateau-le-royal-homard\\\/\",\"name\":\"Plateau Le Royal Homard\",\"isPartOf\":{\"@id\":\"https:\\\/\\\/monpoisson.fr\\\/#website\"},\"primaryImageOfPage\":{\"@id\":\"https:\\\/\\\/monpoisson.fr\\\/index.php\\\/produit\\\/plateau-le-royal-homard\\\/#primaryimage\"},\"image\":{\"@id\":\"https:\\\/\\\/monpoisson.fr\\\/index.php\\\/produit\\\/plateau-le-royal-homard\\\/#primaryimage\"},\"thumbnailUrl\":\"https:\\\/\\\/monpoisson.fr\\\/wp-content\\\/uploads\\\/2024\\\/09\\\/LANGOUSTE.jpg\",\"datePublished\":\"2024-09-20T12:26:54+00:00\",\"dateModified\":\"2026-03-05T15:20:13+00:00\",\"description\":\"4 Hu\u00eetres, 5 Langoustines, 1\\\/2 Crabe, 5 Crevettes roses, 4 Bulots cuits, 50 gr de bigorneaux cuits, 1\\\/2 Homard bleu OU 1\\\/2 Langouste, 1\\\/2 Citron\",\"breadcrumb\":{\"@id\":\"https:\\\/\\\/monpoisson.fr\\\/index.php\\\/produit\\\/plateau-le-royal-homard\\\/#breadcrumb\"},\"inLanguage\":\"fr-FR\",\"potentialAction\":[{\"@type\":\"ReadAction\",\"target\":[\"https:\\\/\\\/monpoisson.fr\\\/index.php\\\/produit\\\/plateau-le-royal-homard\\\/\"]}]},{\"@type\":\"ImageObject\",\"inLanguage\":\"fr-FR\",\"@id\":\"https:\\\/\\\/monpoisson.fr\\\/index.php\\\/produit\\\/plateau-le-royal-homard\\\/#primaryimage\",\"url\":\"https:\\\/\\\/monpoisson.fr\\\/wp-content\\\/uploads\\\/2024\\\/09\\\/LANGOUSTE.jpg\",\"contentUrl\":\"https:\\\/\\\/monpoisson.fr\\\/wp-content\\\/uploads\\\/2024\\\/09\\\/LANGOUSTE.jpg\",\"width\":1080,\"height\":1080,\"caption\":\"Plateaux fruits de mer Royal Langouste\"},{\"@type\":\"BreadcrumbList\",\"@id\":\"https:\\\/\\\/monpoisson.fr\\\/index.php\\\/produit\\\/plateau-le-royal-homard\\\/#breadcrumb\",\"itemListElement\":[{\"@type\":\"ListItem\",\"position\":1,\"name\":\"Accueil\",\"item\":\"https:\\\/\\\/monpoisson.fr\\\/\"},{\"@type\":\"ListItem\",\"position\":2,\"name\":\"Boutique\",\"item\":\"https:\\\/\\\/monpoisson.fr\\\/index.php\\\/boutique\\\/\"},{\"@type\":\"ListItem\",\"position\":3,\"name\":\"Le Royal Homard ou Langouste\"}]},{\"@type\":\"WebSite\",\"@id\":\"https:\\\/\\\/monpoisson.fr\\\/#website\",\"url\":\"https:\\\/\\\/monpoisson.fr\\\/\",\"name\":\"Mon Poisson\",\"description\":\"\",\"publisher\":{\"@id\":\"https:\\\/\\\/monpoisson.fr\\\/#organization\"},\"potentialAction\":[{\"@type\":\"SearchAction\",\"target\":{\"@type\":\"EntryPoint\",\"urlTemplate\":\"https:\\\/\\\/monpoisson.fr\\\/?s={search_term_string}\"},\"query-input\":{\"@type\":\"PropertyValueSpecification\",\"valueRequired\":true,\"valueName\":\"search_term_string\"}}],\"inLanguage\":\"fr-FR\"},{\"@type\":\"Organization\",\"@id\":\"https:\\\/\\\/monpoisson.fr\\\/#organization\",\"name\":\"Mon Poisson\",\"url\":\"https:\\\/\\\/monpoisson.fr\\\/\",\"logo\":{\"@type\":\"ImageObject\",\"inLanguage\":\"fr-FR\",\"@id\":\"https:\\\/\\\/monpoisson.fr\\\/#\\\/schema\\\/logo\\\/image\\\/\",\"url\":\"https:\\\/\\\/monpoisson.fr\\\/wp-content\\\/uploads\\\/2024\\\/09\\\/cropped-cropped-Design-sans-titre-1.webp\",\"contentUrl\":\"https:\\\/\\\/monpoisson.fr\\\/wp-content\\\/uploads\\\/2024\\\/09\\\/cropped-cropped-Design-sans-titre-1.webp\",\"width\":512,\"height\":205,\"caption\":\"Mon Poisson\"},\"image\":{\"@id\":\"https:\\\/\\\/monpoisson.fr\\\/#\\\/schema\\\/logo\\\/image\\\/\"},\"sameAs\":[\"https:\\\/\\\/www.facebook.com\\\/pecheriescotinierecotiniere?locale=fr_FR\"]}]}<\/script>\n<!-- \/ Yoast SEO plugin. -->","yoast_head_json":{"title":"Plateau Le Royal Homard","description":"4 Hu\u00eetres, 5 Langoustines, 1\/2 Crabe, 5 Crevettes roses, 4 Bulots cuits, 50 gr de bigorneaux cuits, 1\/2 Homard bleu OU 1\/2 Langouste, 1\/2 Citron","robots":{"index":"index","follow":"follow","max-snippet":"max-snippet:-1","max-image-preview":"max-image-preview:large","max-video-preview":"max-video-preview:-1"},"canonical":"https:\/\/monpoisson.fr\/index.php\/produit\/plateau-le-royal-homard\/","og_locale":"fr_FR","og_type":"article","og_title":"Plateau Le Royal Homard","og_description":"4 Hu\u00eetres, 5 Langoustines, 1\/2 Crabe, 5 Crevettes roses, 4 Bulots cuits, 50 gr de bigorneaux cuits, 1\/2 Homard bleu OU 1\/2 Langouste, 1\/2 Citron","og_url":"https:\/\/monpoisson.fr\/index.php\/produit\/plateau-le-royal-homard\/","og_site_name":"Mon Poisson","article_publisher":"https:\/\/www.facebook.com\/pecheriescotinierecotiniere?locale=fr_FR","article_modified_time":"2026-03-05T15:20:13+00:00","og_image":[{"width":1080,"height":1080,"url":"https:\/\/monpoisson.fr\/wp-content\/uploads\/2024\/09\/LANGOUSTE.jpg","type":"image\/jpeg"}],"twitter_card":"summary_large_image","twitter_misc":{"Dur\u00e9e de lecture estim\u00e9e":"1 minute"},"schema":{"@context":"https:\/\/schema.org","@graph":[{"@type":"WebPage","@id":"https:\/\/monpoisson.fr\/index.php\/produit\/plateau-le-royal-homard\/","url":"https:\/\/monpoisson.fr\/index.php\/produit\/plateau-le-royal-homard\/","name":"Plateau Le Royal Homard","isPartOf":{"@id":"https:\/\/monpoisson.fr\/#website"},"primaryImageOfPage":{"@id":"https:\/\/monpoisson.fr\/index.php\/produit\/plateau-le-royal-homard\/#primaryimage"},"image":{"@id":"https:\/\/monpoisson.fr\/index.php\/produit\/plateau-le-royal-homard\/#primaryimage"},"thumbnailUrl":"https:\/\/monpoisson.fr\/wp-content\/uploads\/2024\/09\/LANGOUSTE.jpg","datePublished":"2024-09-20T12:26:54+00:00","dateModified":"2026-03-05T15:20:13+00:00","description":"4 Hu\u00eetres, 5 Langoustines, 1\/2 Crabe, 5 Crevettes roses, 4 Bulots cuits, 50 gr de bigorneaux cuits, 1\/2 Homard bleu OU 1\/2 Langouste, 1\/2 Citron","breadcrumb":{"@id":"https:\/\/monpoisson.fr\/index.php\/produit\/plateau-le-royal-homard\/#breadcrumb"},"inLanguage":"fr-FR","potentialAction":[{"@type":"ReadAction","target":["https:\/\/monpoisson.fr\/index.php\/produit\/plateau-le-royal-homard\/"]}]},{"@type":"ImageObject","inLanguage":"fr-FR","@id":"https:\/\/monpoisson.fr\/index.php\/produit\/plateau-le-royal-homard\/#primaryimage","url":"https:\/\/monpoisson.fr\/wp-content\/uploads\/2024\/09\/LANGOUSTE.jpg","contentUrl":"https:\/\/monpoisson.fr\/wp-content\/uploads\/2024\/09\/LANGOUSTE.jpg","width":1080,"height":1080,"caption":"Plateaux fruits de mer Royal Langouste"},{"@type":"BreadcrumbList","@id":"https:\/\/monpoisson.fr\/index.php\/produit\/plateau-le-royal-homard\/#breadcrumb","itemListElement":[{"@type":"ListItem","position":1,"name":"Accueil","item":"https:\/\/monpoisson.fr\/"},{"@type":"ListItem","position":2,"name":"Boutique","item":"https:\/\/monpoisson.fr\/index.php\/boutique\/"},{"@type":"ListItem","position":3,"name":"Le Royal Homard ou Langouste"}]},{"@type":"WebSite","@id":"https:\/\/monpoisson.fr\/#website","url":"https:\/\/monpoisson.fr\/","name":"Mon Poisson","description":"","publisher":{"@id":"https:\/\/monpoisson.fr\/#organization"},"potentialAction":[{"@type":"SearchAction","target":{"@type":"EntryPoint","urlTemplate":"https:\/\/monpoisson.fr\/?s={search_term_string}"},"query-input":{"@type":"PropertyValueSpecification","valueRequired":true,"valueName":"search_term_string"}}],"inLanguage":"fr-FR"},{"@type":"Organization","@id":"https:\/\/monpoisson.fr\/#organization","name":"Mon Poisson","url":"https:\/\/monpoisson.fr\/","logo":{"@type":"ImageObject","inLanguage":"fr-FR","@id":"https:\/\/monpoisson.fr\/#\/schema\/logo\/image\/","url":"https:\/\/monpoisson.fr\/wp-content\/uploads\/2024\/09\/cropped-cropped-Design-sans-titre-1.webp","contentUrl":"https:\/\/monpoisson.fr\/wp-content\/uploads\/2024\/09\/cropped-cropped-Design-sans-titre-1.webp","width":512,"height":205,"caption":"Mon Poisson"},"image":{"@id":"https:\/\/monpoisson.fr\/#\/schema\/logo\/image\/"},"sameAs":["https:\/\/www.facebook.com\/pecheriescotinierecotiniere?locale=fr_FR"]}]}},"uagb_featured_image_src":{"full":["https:\/\/monpoisson.fr\/wp-content\/uploads\/2024\/09\/LANGOUSTE.jpg",1080,1080,false],"thumbnail":["https:\/\/monpoisson.fr\/wp-content\/uploads\/2024\/09\/LANGOUSTE-150x150.jpg",150,150,true],"medium":["https:\/\/monpoisson.fr\/wp-content\/uploads\/2024\/09\/LANGOUSTE-300x300.jpg",300,300,true],"medium_large":["https:\/\/monpoisson.fr\/wp-content\/uploads\/2024\/09\/LANGOUSTE-768x768.jpg",768,768,true],"large":["https:\/\/monpoisson.fr\/wp-content\/uploads\/2024\/09\/LANGOUSTE-1024x1024.jpg",1024,1024,true],"1536x1536":["https:\/\/monpoisson.fr\/wp-content\/uploads\/2024\/09\/LANGOUSTE.jpg",1080,1080,false],"2048x2048":["https:\/\/monpoisson.fr\/wp-content\/uploads\/2024\/09\/LANGOUSTE.jpg",1080,1080,false],"woocommerce_thumbnail":["https:\/\/monpoisson.fr\/wp-content\/uploads\/2024\/09\/LANGOUSTE-300x300.jpg",300,300,true],"woocommerce_single":["https:\/\/monpoisson.fr\/wp-content\/uploads\/2024\/09\/LANGOUSTE-600x600.jpg",600,600,true],"woocommerce_gallery_thumbnail":["https:\/\/monpoisson.fr\/wp-content\/uploads\/2024\/09\/LANGOUSTE-100x100.jpg",100,100,true]},"uagb_author_info":{"display_name":"Lola","author_link":"https:\/\/monpoisson.fr\/index.php\/author\/"},"uagb_comment_info":0,"uagb_excerpt":"4 Hu\u00eetres, 5 Langoustines, 1\/2 Crabe, 5 Crevettes roses, 4 Bulots cuits, 50 gr de bigorneaux cuits, 1\/2 Homard bleu OU 1\/2 Langouste , 1\/2 Citron - Commande minimum de 2 PARTS","_links":{"self":[{"href":"https:\/\/monpoisson.fr\/index.php\/wp-json\/wp\/v2\/product\/188","targetHints":{"allow":["GET"]}}],"collection":[{"href":"https:\/\/monpoisson.fr\/index.php\/wp-json\/wp\/v2\/product"}],"about":[{"href":"https:\/\/monpoisson.fr\/index.php\/wp-json\/wp\/v2\/types\/product"}],"version-history":[{"count":21,"href":"https:\/\/monpoisson.fr\/index.php\/wp-json\/wp\/v2\/product\/188\/revisions"}],"predecessor-version":[{"id":1053,"href":"https:\/\/monpoisson.fr\/index.php\/wp-json\/wp\/v2\/product\/188\/revisions\/1053"}],"wp:featuredmedia":[{"embeddable":true,"href":"https:\/\/monpoisson.fr\/index.php\/wp-json\/wp\/v2\/media\/1052"}],"wp:attachment":[{"href":"https:\/\/monpoisson.fr\/index.php\/wp-json\/wp\/v2\/media?parent=188"}],"wp:term":[{"taxonomy":"product_brand","embeddable":true,"href":"https:\/\/monpoisson.fr\/index.php\/wp-json\/wp\/v2\/product_brand?post=188"},{"taxonomy":"product_cat","embeddable":true,"href":"https:\/\/monpoisson.fr\/index.php\/wp-json\/wp\/v2\/product_cat?post=188"},{"taxonomy":"product_tag","embeddable":true,"href":"https:\/\/monpoisson.fr\/index.php\/wp-json\/wp\/v2\/product_tag?post=188"}],"curies":[{"name":"wp","href":"https:\/\/api.w.org\/{rel}","templated":true}]}}