{"id":860,"date":"2025-02-12T09:26:10","date_gmt":"2025-02-12T08:26:10","guid":{"rendered":"https:\/\/monpoisson.fr\/?post_type=product&#038;p=860"},"modified":"2025-02-12T09:35:49","modified_gmt":"2025-02-12T08:35:49","slug":"24-huitres-n4-marennes-oleron-fines-de-claires-copie","status":"publish","type":"product","link":"https:\/\/monpoisson.fr\/index.php\/produit\/24-huitres-n4-marennes-oleron-fines-de-claires-copie\/","title":{"rendered":"24 Hu\u00eetres n\u00b04  Marennes Ol\u00e9ron &#8211; Fines de Claires"},"content":{"rendered":"","protected":false},"excerpt":{"rendered":"<p>La Fine de Claire est le produit pr\u00e9f\u00e9r\u00e9 des consommateurs qui appr\u00e9cient les hu\u00eetres peu charnues.<\/p>\n","protected":false},"featured_media":865,"template":"","meta":{"_uag_custom_page_level_css":"","site-sidebar-layout":"default","site-content-layout":"","ast-site-content-layout":"default","site-content-style":"default","site-sidebar-style":"default","ast-global-header-display":"","ast-banner-title-visibility":"","ast-main-header-display":"","ast-hfb-above-header-display":"","ast-hfb-below-header-display":"","ast-hfb-mobile-header-display":"","site-post-title":"","ast-breadcrumbs-content":"","ast-featured-img":"","footer-sml-layout":"","ast-disable-related-posts":"","theme-transparent-header-meta":"","adv-header-id-meta":"","stick-header-meta":"","header-above-stick-meta":"","header-main-stick-meta":"","header-below-stick-meta":"","astra-migrate-meta-layouts":"default","ast-page-background-enabled":"default","ast-page-background-meta":{"desktop":{"background-color":"var(--ast-global-color-4)","background-image":"","background-repeat":"repeat","background-position":"center center","background-size":"auto","background-attachment":"scroll","background-type":"","background-media":"","overlay-type":"","overlay-color":"","overlay-opacity":"","overlay-gradient":""},"tablet":{"background-color":"","background-image":"","background-repeat":"repeat","background-position":"center center","background-size":"auto","background-attachment":"scroll","background-type":"","background-media":"","overlay-type":"","overlay-color":"","overlay-opacity":"","overlay-gradient":""},"mobile":{"background-color":"","background-image":"","background-repeat":"repeat","background-position":"center center","background-size":"auto","background-attachment":"scroll","background-type":"","background-media":"","overlay-type":"","overlay-color":"","overlay-opacity":"","overlay-gradient":""}},"ast-content-background-meta":{"desktop":{"background-color":"var(--ast-global-color-5)","background-image":"","background-repeat":"repeat","background-position":"center center","background-size":"auto","background-attachment":"scroll","background-type":"","background-media":"","overlay-type":"","overlay-color":"","overlay-opacity":"","overlay-gradient":""},"tablet":{"background-color":"var(--ast-global-color-5)","background-image":"","background-repeat":"repeat","background-position":"center center","background-size":"auto","background-attachment":"scroll","background-type":"","background-media":"","overlay-type":"","overlay-color":"","overlay-opacity":"","overlay-gradient":""},"mobile":{"background-color":"var(--ast-global-color-5)","background-image":"","background-repeat":"repeat","background-position":"center center","background-size":"auto","background-attachment":"scroll","background-type":"","background-media":"","overlay-type":"","overlay-color":"","overlay-opacity":"","overlay-gradient":""}}},"product_brand":[],"product_cat":[21],"product_tag":[],"class_list":{"0":"post-860","1":"product","2":"type-product","3":"status-publish","4":"has-post-thumbnail","6":"product_cat-coquillages","7":"desktop-align-left","8":"tablet-align-left","9":"mobile-align-left","11":"first","12":"instock","13":"shipping-taxable","14":"purchasable","15":"product-type-simple"},"yoast_head":"<!-- This site is optimized with the Yoast SEO plugin v27.4 - https:\/\/yoast.com\/product\/yoast-seo-wordpress\/ -->\n<title>Hu\u00eetres n\u00b04 Marennes Ol\u00e9ron - Fines de Claires<\/title>\n<meta name=\"description\" content=\"Hu\u00eetres n\u00b04 Marennes Ol\u00e9ron - Fines de Claires\" \/>\n<meta name=\"robots\" content=\"index, follow, max-snippet:-1, max-image-preview:large, max-video-preview:-1\" \/>\n<link rel=\"canonical\" href=\"https:\/\/monpoisson.fr\/index.php\/produit\/24-huitres-n4-marennes-oleron-fines-de-claires-copie\/\" \/>\n<meta property=\"og:locale\" content=\"fr_FR\" \/>\n<meta property=\"og:type\" content=\"article\" \/>\n<meta property=\"og:title\" content=\"Hu\u00eetres n\u00b04 Marennes Ol\u00e9ron - Fines de Claires\" \/>\n<meta property=\"og:description\" content=\"Hu\u00eetres n\u00b04 Marennes Ol\u00e9ron - Fines de Claires\" \/>\n<meta property=\"og:url\" content=\"https:\/\/monpoisson.fr\/index.php\/produit\/24-huitres-n4-marennes-oleron-fines-de-claires-copie\/\" \/>\n<meta property=\"og:site_name\" content=\"Mon Poisson\" \/>\n<meta property=\"article:publisher\" content=\"https:\/\/www.facebook.com\/pecheriescotinierecotiniere?locale=fr_FR\" \/>\n<meta property=\"article:modified_time\" content=\"2025-02-12T08:35:49+00:00\" \/>\n<meta property=\"og:image\" content=\"https:\/\/monpoisson.fr\/wp-content\/uploads\/2025\/02\/large.jpeg\" \/>\n\t<meta property=\"og:image:width\" content=\"1280\" \/>\n\t<meta property=\"og:image:height\" content=\"1280\" \/>\n\t<meta property=\"og:image:type\" content=\"image\/jpeg\" \/>\n<meta name=\"twitter:card\" content=\"summary_large_image\" \/>\n<meta name=\"twitter:label1\" content=\"Dur\u00e9e de lecture estim\u00e9e\" \/>\n\t<meta name=\"twitter:data1\" content=\"1 minute\" \/>\n<script type=\"application\/ld+json\" class=\"yoast-schema-graph\">{\"@context\":\"https:\\\/\\\/schema.org\",\"@graph\":[{\"@type\":\"WebPage\",\"@id\":\"https:\\\/\\\/monpoisson.fr\\\/index.php\\\/produit\\\/24-huitres-n4-marennes-oleron-fines-de-claires-copie\\\/\",\"url\":\"https:\\\/\\\/monpoisson.fr\\\/index.php\\\/produit\\\/24-huitres-n4-marennes-oleron-fines-de-claires-copie\\\/\",\"name\":\"Hu\u00eetres n\u00b04 Marennes Ol\u00e9ron - Fines de Claires\",\"isPartOf\":{\"@id\":\"https:\\\/\\\/monpoisson.fr\\\/#website\"},\"primaryImageOfPage\":{\"@id\":\"https:\\\/\\\/monpoisson.fr\\\/index.php\\\/produit\\\/24-huitres-n4-marennes-oleron-fines-de-claires-copie\\\/#primaryimage\"},\"image\":{\"@id\":\"https:\\\/\\\/monpoisson.fr\\\/index.php\\\/produit\\\/24-huitres-n4-marennes-oleron-fines-de-claires-copie\\\/#primaryimage\"},\"thumbnailUrl\":\"https:\\\/\\\/monpoisson.fr\\\/wp-content\\\/uploads\\\/2025\\\/02\\\/large.jpeg\",\"datePublished\":\"2025-02-12T08:26:10+00:00\",\"dateModified\":\"2025-02-12T08:35:49+00:00\",\"description\":\"Hu\u00eetres n\u00b04 Marennes Ol\u00e9ron - Fines de Claires\",\"breadcrumb\":{\"@id\":\"https:\\\/\\\/monpoisson.fr\\\/index.php\\\/produit\\\/24-huitres-n4-marennes-oleron-fines-de-claires-copie\\\/#breadcrumb\"},\"inLanguage\":\"fr-FR\",\"potentialAction\":[{\"@type\":\"ReadAction\",\"target\":[\"https:\\\/\\\/monpoisson.fr\\\/index.php\\\/produit\\\/24-huitres-n4-marennes-oleron-fines-de-claires-copie\\\/\"]}]},{\"@type\":\"ImageObject\",\"inLanguage\":\"fr-FR\",\"@id\":\"https:\\\/\\\/monpoisson.fr\\\/index.php\\\/produit\\\/24-huitres-n4-marennes-oleron-fines-de-claires-copie\\\/#primaryimage\",\"url\":\"https:\\\/\\\/monpoisson.fr\\\/wp-content\\\/uploads\\\/2025\\\/02\\\/large.jpeg\",\"contentUrl\":\"https:\\\/\\\/monpoisson.fr\\\/wp-content\\\/uploads\\\/2025\\\/02\\\/large.jpeg\",\"width\":1280,\"height\":1280,\"caption\":\"Hu\u00eetres n\u00b04 Fines de Claires - Marennes Ol\u00e9ron\"},{\"@type\":\"BreadcrumbList\",\"@id\":\"https:\\\/\\\/monpoisson.fr\\\/index.php\\\/produit\\\/24-huitres-n4-marennes-oleron-fines-de-claires-copie\\\/#breadcrumb\",\"itemListElement\":[{\"@type\":\"ListItem\",\"position\":1,\"name\":\"Accueil\",\"item\":\"https:\\\/\\\/monpoisson.fr\\\/\"},{\"@type\":\"ListItem\",\"position\":2,\"name\":\"Boutique\",\"item\":\"https:\\\/\\\/monpoisson.fr\\\/index.php\\\/boutique\\\/\"},{\"@type\":\"ListItem\",\"position\":3,\"name\":\"24 Hu\u00eetres n\u00b04 Marennes Ol\u00e9ron &#8211; Fines de Claires\"}]},{\"@type\":\"WebSite\",\"@id\":\"https:\\\/\\\/monpoisson.fr\\\/#website\",\"url\":\"https:\\\/\\\/monpoisson.fr\\\/\",\"name\":\"Mon Poisson\",\"description\":\"\",\"publisher\":{\"@id\":\"https:\\\/\\\/monpoisson.fr\\\/#organization\"},\"potentialAction\":[{\"@type\":\"SearchAction\",\"target\":{\"@type\":\"EntryPoint\",\"urlTemplate\":\"https:\\\/\\\/monpoisson.fr\\\/?s={search_term_string}\"},\"query-input\":{\"@type\":\"PropertyValueSpecification\",\"valueRequired\":true,\"valueName\":\"search_term_string\"}}],\"inLanguage\":\"fr-FR\"},{\"@type\":\"Organization\",\"@id\":\"https:\\\/\\\/monpoisson.fr\\\/#organization\",\"name\":\"Mon Poisson\",\"url\":\"https:\\\/\\\/monpoisson.fr\\\/\",\"logo\":{\"@type\":\"ImageObject\",\"inLanguage\":\"fr-FR\",\"@id\":\"https:\\\/\\\/monpoisson.fr\\\/#\\\/schema\\\/logo\\\/image\\\/\",\"url\":\"https:\\\/\\\/monpoisson.fr\\\/wp-content\\\/uploads\\\/2024\\\/09\\\/cropped-cropped-Design-sans-titre-1.webp\",\"contentUrl\":\"https:\\\/\\\/monpoisson.fr\\\/wp-content\\\/uploads\\\/2024\\\/09\\\/cropped-cropped-Design-sans-titre-1.webp\",\"width\":512,\"height\":205,\"caption\":\"Mon Poisson\"},\"image\":{\"@id\":\"https:\\\/\\\/monpoisson.fr\\\/#\\\/schema\\\/logo\\\/image\\\/\"},\"sameAs\":[\"https:\\\/\\\/www.facebook.com\\\/pecheriescotinierecotiniere?locale=fr_FR\"]}]}<\/script>\n<!-- \/ Yoast SEO plugin. -->","yoast_head_json":{"title":"Hu\u00eetres n\u00b04 Marennes Ol\u00e9ron - Fines de Claires","description":"Hu\u00eetres n\u00b04 Marennes Ol\u00e9ron - Fines de Claires","robots":{"index":"index","follow":"follow","max-snippet":"max-snippet:-1","max-image-preview":"max-image-preview:large","max-video-preview":"max-video-preview:-1"},"canonical":"https:\/\/monpoisson.fr\/index.php\/produit\/24-huitres-n4-marennes-oleron-fines-de-claires-copie\/","og_locale":"fr_FR","og_type":"article","og_title":"Hu\u00eetres n\u00b04 Marennes Ol\u00e9ron - Fines de Claires","og_description":"Hu\u00eetres n\u00b04 Marennes Ol\u00e9ron - Fines de Claires","og_url":"https:\/\/monpoisson.fr\/index.php\/produit\/24-huitres-n4-marennes-oleron-fines-de-claires-copie\/","og_site_name":"Mon Poisson","article_publisher":"https:\/\/www.facebook.com\/pecheriescotinierecotiniere?locale=fr_FR","article_modified_time":"2025-02-12T08:35:49+00:00","og_image":[{"width":1280,"height":1280,"url":"https:\/\/monpoisson.fr\/wp-content\/uploads\/2025\/02\/large.jpeg","type":"image\/jpeg"}],"twitter_card":"summary_large_image","twitter_misc":{"Dur\u00e9e de lecture estim\u00e9e":"1 minute"},"schema":{"@context":"https:\/\/schema.org","@graph":[{"@type":"WebPage","@id":"https:\/\/monpoisson.fr\/index.php\/produit\/24-huitres-n4-marennes-oleron-fines-de-claires-copie\/","url":"https:\/\/monpoisson.fr\/index.php\/produit\/24-huitres-n4-marennes-oleron-fines-de-claires-copie\/","name":"Hu\u00eetres n\u00b04 Marennes Ol\u00e9ron - Fines de Claires","isPartOf":{"@id":"https:\/\/monpoisson.fr\/#website"},"primaryImageOfPage":{"@id":"https:\/\/monpoisson.fr\/index.php\/produit\/24-huitres-n4-marennes-oleron-fines-de-claires-copie\/#primaryimage"},"image":{"@id":"https:\/\/monpoisson.fr\/index.php\/produit\/24-huitres-n4-marennes-oleron-fines-de-claires-copie\/#primaryimage"},"thumbnailUrl":"https:\/\/monpoisson.fr\/wp-content\/uploads\/2025\/02\/large.jpeg","datePublished":"2025-02-12T08:26:10+00:00","dateModified":"2025-02-12T08:35:49+00:00","description":"Hu\u00eetres n\u00b04 Marennes Ol\u00e9ron - Fines de Claires","breadcrumb":{"@id":"https:\/\/monpoisson.fr\/index.php\/produit\/24-huitres-n4-marennes-oleron-fines-de-claires-copie\/#breadcrumb"},"inLanguage":"fr-FR","potentialAction":[{"@type":"ReadAction","target":["https:\/\/monpoisson.fr\/index.php\/produit\/24-huitres-n4-marennes-oleron-fines-de-claires-copie\/"]}]},{"@type":"ImageObject","inLanguage":"fr-FR","@id":"https:\/\/monpoisson.fr\/index.php\/produit\/24-huitres-n4-marennes-oleron-fines-de-claires-copie\/#primaryimage","url":"https:\/\/monpoisson.fr\/wp-content\/uploads\/2025\/02\/large.jpeg","contentUrl":"https:\/\/monpoisson.fr\/wp-content\/uploads\/2025\/02\/large.jpeg","width":1280,"height":1280,"caption":"Hu\u00eetres n\u00b04 Fines de Claires - Marennes Ol\u00e9ron"},{"@type":"BreadcrumbList","@id":"https:\/\/monpoisson.fr\/index.php\/produit\/24-huitres-n4-marennes-oleron-fines-de-claires-copie\/#breadcrumb","itemListElement":[{"@type":"ListItem","position":1,"name":"Accueil","item":"https:\/\/monpoisson.fr\/"},{"@type":"ListItem","position":2,"name":"Boutique","item":"https:\/\/monpoisson.fr\/index.php\/boutique\/"},{"@type":"ListItem","position":3,"name":"24 Hu\u00eetres n\u00b04 Marennes Ol\u00e9ron &#8211; Fines de Claires"}]},{"@type":"WebSite","@id":"https:\/\/monpoisson.fr\/#website","url":"https:\/\/monpoisson.fr\/","name":"Mon Poisson","description":"","publisher":{"@id":"https:\/\/monpoisson.fr\/#organization"},"potentialAction":[{"@type":"SearchAction","target":{"@type":"EntryPoint","urlTemplate":"https:\/\/monpoisson.fr\/?s={search_term_string}"},"query-input":{"@type":"PropertyValueSpecification","valueRequired":true,"valueName":"search_term_string"}}],"inLanguage":"fr-FR"},{"@type":"Organization","@id":"https:\/\/monpoisson.fr\/#organization","name":"Mon Poisson","url":"https:\/\/monpoisson.fr\/","logo":{"@type":"ImageObject","inLanguage":"fr-FR","@id":"https:\/\/monpoisson.fr\/#\/schema\/logo\/image\/","url":"https:\/\/monpoisson.fr\/wp-content\/uploads\/2024\/09\/cropped-cropped-Design-sans-titre-1.webp","contentUrl":"https:\/\/monpoisson.fr\/wp-content\/uploads\/2024\/09\/cropped-cropped-Design-sans-titre-1.webp","width":512,"height":205,"caption":"Mon Poisson"},"image":{"@id":"https:\/\/monpoisson.fr\/#\/schema\/logo\/image\/"},"sameAs":["https:\/\/www.facebook.com\/pecheriescotinierecotiniere?locale=fr_FR"]}]}},"uagb_featured_image_src":{"full":["https:\/\/monpoisson.fr\/wp-content\/uploads\/2025\/02\/large.jpeg",1280,1280,false],"thumbnail":["https:\/\/monpoisson.fr\/wp-content\/uploads\/2025\/02\/large-150x150.jpeg",150,150,true],"medium":["https:\/\/monpoisson.fr\/wp-content\/uploads\/2025\/02\/large-300x300.jpeg",300,300,true],"medium_large":["https:\/\/monpoisson.fr\/wp-content\/uploads\/2025\/02\/large-768x768.jpeg",768,768,true],"large":["https:\/\/monpoisson.fr\/wp-content\/uploads\/2025\/02\/large-1024x1024.jpeg",1024,1024,true],"1536x1536":["https:\/\/monpoisson.fr\/wp-content\/uploads\/2025\/02\/large.jpeg",1280,1280,false],"2048x2048":["https:\/\/monpoisson.fr\/wp-content\/uploads\/2025\/02\/large.jpeg",1280,1280,false],"woocommerce_thumbnail":["https:\/\/monpoisson.fr\/wp-content\/uploads\/2025\/02\/large-300x300.jpeg",300,300,true],"woocommerce_single":["https:\/\/monpoisson.fr\/wp-content\/uploads\/2025\/02\/large-600x600.jpeg",600,600,true],"woocommerce_gallery_thumbnail":["https:\/\/monpoisson.fr\/wp-content\/uploads\/2025\/02\/large-100x100.jpeg",100,100,true]},"uagb_author_info":{"display_name":"Lola","author_link":"https:\/\/monpoisson.fr\/index.php\/author\/"},"uagb_comment_info":0,"uagb_excerpt":"La Fine de Claire est le produit pr\u00e9f\u00e9r\u00e9 des consommateurs qui appr\u00e9cient les hu\u00eetres peu charnues.","_links":{"self":[{"href":"https:\/\/monpoisson.fr\/index.php\/wp-json\/wp\/v2\/product\/860","targetHints":{"allow":["GET"]}}],"collection":[{"href":"https:\/\/monpoisson.fr\/index.php\/wp-json\/wp\/v2\/product"}],"about":[{"href":"https:\/\/monpoisson.fr\/index.php\/wp-json\/wp\/v2\/types\/product"}],"version-history":[{"count":3,"href":"https:\/\/monpoisson.fr\/index.php\/wp-json\/wp\/v2\/product\/860\/revisions"}],"predecessor-version":[{"id":866,"href":"https:\/\/monpoisson.fr\/index.php\/wp-json\/wp\/v2\/product\/860\/revisions\/866"}],"wp:featuredmedia":[{"embeddable":true,"href":"https:\/\/monpoisson.fr\/index.php\/wp-json\/wp\/v2\/media\/865"}],"wp:attachment":[{"href":"https:\/\/monpoisson.fr\/index.php\/wp-json\/wp\/v2\/media?parent=860"}],"wp:term":[{"taxonomy":"product_brand","embeddable":true,"href":"https:\/\/monpoisson.fr\/index.php\/wp-json\/wp\/v2\/product_brand?post=860"},{"taxonomy":"product_cat","embeddable":true,"href":"https:\/\/monpoisson.fr\/index.php\/wp-json\/wp\/v2\/product_cat?post=860"},{"taxonomy":"product_tag","embeddable":true,"href":"https:\/\/monpoisson.fr\/index.php\/wp-json\/wp\/v2\/product_tag?post=860"}],"curies":[{"name":"wp","href":"https:\/\/api.w.org\/{rel}","templated":true}]}}